{"id":133,"date":"2023-08-31T15:44:08","date_gmt":"2023-08-31T15:44:08","guid":{"rendered":"https:\/\/www.royaume2cheveux.fr\/?page_id=133"},"modified":"2026-01-03T17:58:08","modified_gmt":"2026-01-03T17:58:08","slug":"contactez-nous","status":"publish","type":"page","link":"https:\/\/www.royaume2cheveux.fr\/?page_id=133","title":{"rendered":"Contactez-nous"},"content":{"rendered":"\t\t<div data-elementor-type=\"wp-page\" data-elementor-id=\"133\" class=\"elementor elementor-133\" data-elementor-post-type=\"page\">\n\t\t\t\t\t\t<section class=\"elementor-section elementor-top-section elementor-element elementor-element-4b2c8687 elementor-section-boxed elementor-section-height-default elementor-section-height-default\" data-id=\"4b2c8687\" data-element_type=\"section\" data-e-type=\"section\">\n\t\t\t\t\t\t<div class=\"elementor-container elementor-column-gap-default\">\n\t\t\t\t\t<div class=\"elementor-column elementor-col-100 elementor-top-column elementor-element elementor-element-2221ff83\" data-id=\"2221ff83\" data-element_type=\"column\" data-e-type=\"column\">\n\t\t\t<div class=\"elementor-widget-wrap elementor-element-populated\">\n\t\t\t\t\t\t<div class=\"elementor-element elementor-element-211e0596 elementor-widget elementor-widget-text-editor\" data-id=\"211e0596\" data-element_type=\"widget\" data-e-type=\"widget\" data-widget_type=\"text-editor.default\">\n\t\t\t\t<div class=\"elementor-widget-container\">\n\t\t\t\t\t\t\t\t\t\t\t\t\t\t\t\t\t<\/div>\n\t\t\t\t<\/div>\n\t\t\t\t\t<\/div>\n\t\t<\/div>\n\t\t\t\t\t<\/div>\n\t\t<\/section>\n\t\t\t\t<section class=\"elementor-section elementor-top-section elementor-element elementor-element-86c8346 elementor-section-full_width elementor-section-stretched elementor-section-height-default elementor-section-height-default\" data-id=\"86c8346\" data-element_type=\"section\" data-e-type=\"section\" data-settings=\"{&quot;stretch_section&quot;:&quot;section-stretched&quot;,&quot;background_background&quot;:&quot;classic&quot;}\">\n\t\t\t\t\t\t\t<div class=\"elementor-background-overlay\"><\/div>\n\t\t\t\t\t\t\t<div class=\"elementor-container elementor-column-gap-default\">\n\t\t\t\t\t<div class=\"elementor-column elementor-col-100 elementor-top-column elementor-element elementor-element-0be6ab8\" data-id=\"0be6ab8\" data-element_type=\"column\" data-e-type=\"column\">\n\t\t\t<div class=\"elementor-widget-wrap elementor-element-populated\">\n\t\t\t\t\t\t<div class=\"elementor-element elementor-element-0b814a5 elementor-widget elementor-widget-spacer\" data-id=\"0b814a5\" data-element_type=\"widget\" data-e-type=\"widget\" data-widget_type=\"spacer.default\">\n\t\t\t\t<div class=\"elementor-widget-container\">\n\t\t\t\t\t\t\t<div class=\"elementor-spacer\">\n\t\t\t<div class=\"elementor-spacer-inner\"><\/div>\n\t\t<\/div>\n\t\t\t\t\t\t<\/div>\n\t\t\t\t<\/div>\n\t\t\t\t<div class=\"elementor-element elementor-element-41d949d elementor-widget elementor-widget-heading\" data-id=\"41d949d\" data-element_type=\"widget\" data-e-type=\"widget\" data-widget_type=\"heading.default\">\n\t\t\t\t<div class=\"elementor-widget-container\">\n\t\t\t\t\t<h2 class=\"elementor-heading-title elementor-size-default\">Vous avez une question ?<\/h2>\t\t\t\t<\/div>\n\t\t\t\t<\/div>\n\t\t\t\t<div class=\"elementor-element elementor-element-c001bc4 elementor-widget-divider--view-line elementor-widget elementor-widget-divider\" data-id=\"c001bc4\" data-element_type=\"widget\" data-e-type=\"widget\" data-widget_type=\"divider.default\">\n\t\t\t\t<div class=\"elementor-widget-container\">\n\t\t\t\t\t\t\t<div class=\"elementor-divider\">\n\t\t\t<span class=\"elementor-divider-separator\">\n\t\t\t\t\t\t<\/span>\n\t\t<\/div>\n\t\t\t\t\t\t<\/div>\n\t\t\t\t<\/div>\n\t\t\t\t<div class=\"elementor-element elementor-element-6468258 elementor-widget elementor-widget-text-editor\" data-id=\"6468258\" data-element_type=\"widget\" data-e-type=\"widget\" data-widget_type=\"text-editor.default\">\n\t\t\t\t<div class=\"elementor-widget-container\">\n\t\t\t\t\t\t\t\t\t<p>Contactez-nous uniquement via cet email :\u00a0<\/p>\n<p><strong>royaume2cheveux@hotmail.com<\/strong><\/p>\t\t\t\t\t\t\t\t<\/div>\n\t\t\t\t<\/div>\n\t\t\t\t<div class=\"elementor-element elementor-element-1b5de70 elementor-button-align-center elementor-widget elementor-widget-form\" data-id=\"1b5de70\" data-element_type=\"widget\" data-e-type=\"widget\" data-settings=\"{&quot;step_next_label&quot;:&quot;Suivant&quot;,&quot;step_previous_label&quot;:&quot;Pr\\u00e9c\\u00e9dent&quot;,&quot;button_width&quot;:&quot;100&quot;,&quot;step_type&quot;:&quot;number_text&quot;,&quot;step_icon_shape&quot;:&quot;circle&quot;}\" data-widget_type=\"form.default\">\n\t\t\t\t<div class=\"elementor-widget-container\">\n\t\t\t\t\t\t\t<form class=\"elementor-form\" method=\"post\" name=\"Nouveau formulaire\">\n\t\t\t<input type=\"hidden\" name=\"post_id\" value=\"133\"\/>\n\t\t\t<input type=\"hidden\" name=\"form_id\" value=\"1b5de70\"\/>\n\t\t\t<input type=\"hidden\" name=\"referer_title\" value=\"Contactez-nous\" \/>\n\n\t\t\t\t\t\t\t<input type=\"hidden\" name=\"queried_id\" value=\"133\"\/>\n\t\t\t\n\t\t\t<div class=\"elementor-form-fields-wrapper elementor-labels-above\">\n\t\t\t\t\t\t\t\t<div class=\"elementor-field-type-text elementor-field-group elementor-column elementor-field-group-name elementor-col-50\">\n\t\t\t\t\t\t\t\t\t\t\t\t<label for=\"form-field-name\" class=\"elementor-field-label\">\n\t\t\t\t\t\t\t\tNom\t\t\t\t\t\t\t<\/label>\n\t\t\t\t\t\t\t\t\t\t\t\t\t\t<input size=\"1\" type=\"text\" name=\"form_fields[name]\" id=\"form-field-name\" class=\"elementor-field elementor-size-sm  elementor-field-textual\">\n\t\t\t\t\t\t\t\t\t\t\t<\/div>\n\t\t\t\t\t\t\t\t<div class=\"elementor-field-type-text elementor-field-group elementor-column elementor-field-group-field_b145bd2 elementor-col-50\">\n\t\t\t\t\t\t\t\t\t\t\t\t<label for=\"form-field-field_b145bd2\" class=\"elementor-field-label\">\n\t\t\t\t\t\t\t\tPr\u00e9nom\t\t\t\t\t\t\t<\/label>\n\t\t\t\t\t\t\t\t\t\t\t\t\t\t<input size=\"1\" type=\"text\" name=\"form_fields[field_b145bd2]\" id=\"form-field-field_b145bd2\" class=\"elementor-field elementor-size-sm  elementor-field-textual\">\n\t\t\t\t\t\t\t\t\t\t\t<\/div>\n\t\t\t\t\t\t\t\t<div class=\"elementor-field-type-email elementor-field-group elementor-column elementor-field-group-email elementor-col-50 elementor-field-required\">\n\t\t\t\t\t\t\t\t\t\t\t\t<label for=\"form-field-email\" class=\"elementor-field-label\">\n\t\t\t\t\t\t\t\tE-mail\t\t\t\t\t\t\t<\/label>\n\t\t\t\t\t\t\t\t\t\t\t\t\t\t<input size=\"1\" type=\"email\" name=\"form_fields[email]\" id=\"form-field-email\" class=\"elementor-field elementor-size-sm  elementor-field-textual\" required=\"required\" aria-required=\"true\">\n\t\t\t\t\t\t\t\t\t\t\t<\/div>\n\t\t\t\t\t\t\t\t<div class=\"elementor-field-type-textarea elementor-field-group elementor-column elementor-field-group-message elementor-col-100\">\n\t\t\t\t\t\t\t\t\t\t\t\t<label for=\"form-field-message\" class=\"elementor-field-label\">\n\t\t\t\t\t\t\t\tMessage\t\t\t\t\t\t\t<\/label>\n\t\t\t\t\t\t<textarea class=\"elementor-field-textual elementor-field  elementor-size-sm\" name=\"form_fields[message]\" id=\"form-field-message\" rows=\"4\"><\/textarea>\t\t\t\t<\/div>\n\t\t\t\t\t\t\t\t<div class=\"elementor-field-group elementor-column elementor-field-type-submit elementor-col-100 e-form__buttons\">\n\t\t\t\t\t<button class=\"elementor-button elementor-size-sm\" type=\"submit\">\n\t\t\t\t\t\t<span class=\"elementor-button-content-wrapper\">\n\t\t\t\t\t\t\t\t\t\t\t\t\t\t\t\t\t\t\t\t\t\t<span class=\"elementor-button-text\">Envoyer<\/span>\n\t\t\t\t\t\t\t\t\t\t\t\t\t<\/span>\n\t\t\t\t\t<\/button>\n\t\t\t\t<\/div>\n\t\t\t<\/div>\n\t\t<\/form>\n\t\t\t\t\t\t<\/div>\n\t\t\t\t<\/div>\n\t\t\t\t<div class=\"elementor-element elementor-element-e7f3913 elementor-widget elementor-widget-spacer\" data-id=\"e7f3913\" data-element_type=\"widget\" data-e-type=\"widget\" data-widget_type=\"spacer.default\">\n\t\t\t\t<div class=\"elementor-widget-container\">\n\t\t\t\t\t\t\t<div class=\"elementor-spacer\">\n\t\t\t<div class=\"elementor-spacer-inner\"><\/div>\n\t\t<\/div>\n\t\t\t\t\t\t<\/div>\n\t\t\t\t<\/div>\n\t\t\t\t\t<\/div>\n\t\t<\/div>\n\t\t\t\t\t<\/div>\n\t\t<\/section>\n\t\t\t\t<\/div>\n\t\t","protected":false},"excerpt":{"rendered":"<p>Vous avez une question ? Contactez-nous uniquement via cet email :\u00a0 royaume2cheveux@hotmail.com<\/p>\n","protected":false},"author":1,"featured_media":0,"parent":0,"menu_order":0,"comment_status":"closed","ping_status":"closed","template":"","meta":{"jetpack_post_was_ever_published":false,"footnotes":""},"class_list":["post-133","page","type-page","status-publish","hentry"],"jetpack-related-posts":[{"id":21,"url":"https:\/\/www.royaume2cheveux.fr\/?page_id=21","url_meta":{"origin":133,"position":0},"title":"Conditions g\u00e9n\u00e9rales de vente","author":"Camelia.1606","date":"04\/09\/2023","format":false,"excerpt":"CGV et Politique de confidentialit\u00e9 En vertu de l'article 6 de la loi n\u00b0 2004-575 du 21 juin 2004 pour la confiance dans l'\u00e9conomie num\u00e9rique, il est pr\u00e9cis\u00e9 aux utilisateurs du site royaume2cheveux@hotmail.fr\u00a0l'identit\u00e9 des diff\u00e9rents intervenants dans le cadre de sa r\u00e9alisation et de son suivi :\u00a0Propri\u00e9taire : ROYAUME2CHEVEUXAdresse :\u2026","rel":"","context":"Article similaire","block_context":{"text":"Article similaire","link":""},"img":{"alt_text":"","src":"","width":0,"height":0},"classes":[]},{"id":3,"url":"https:\/\/www.royaume2cheveux.fr\/?page_id=3","url_meta":{"origin":133,"position":1},"title":"Mentions l\u00e9gales","author":"Camelia.1606","date":"29\/08\/2023","format":false,"excerpt":"Mentions L\u00e9gales Le site ROYAUME2CHEVEUX.FR est exploit\u00e9 par Camelia BOUSBAA immatricul\u00e9e au RCS de N\u00eemes sous le n\u00b088875294600010 dont le si\u00e8ge social est situ\u00e9 au\u00a0: 80 rue sainte perp\u00e9tue - 30000 NIMES \u00a0 Tous les \u00e9l\u00e9ments du site de ROYAUME2CHEVEUX.FR\u00a0sont et restent la propri\u00e9t\u00e9 intellectuelle et exclusive de Camelia BOUSBAA.\u2026","rel":"","context":"Article similaire","block_context":{"text":"Article similaire","link":""},"img":{"alt_text":"","src":"","width":0,"height":0},"classes":[]},{"id":2,"url":"https:\/\/www.royaume2cheveux.fr\/","url_meta":{"origin":133,"position":2},"title":"Accueil","author":"Camelia.1606","date":"29\/08\/2023","format":false,"excerpt":"Qui suis-je ? Cam\u00e9lia cr\u00e9atrice de Royaume2cheveux, form\u00e9e depuis 2018 en cosm\u00e9tologies\u00a0et en formulation cosm\u00e9tiques j\u2019ai d\u00e9cid\u00e9 de lancer\u00a0ma gamme de produits naturels, apr\u00e8s 2 ans de test laboratoire\u00a0et de test produits, je vous ai concoct\u00e9 un concentr\u00e9 d\u2019\u00e9l\u00e9ment naturels avec une efficacit\u00e9 prouv\u00e9e rapidement.En vous souhaitant une bonne visite\u2026","rel":"","context":"Article similaire","block_context":{"text":"Article similaire","link":""},"img":{"alt_text":"","src":"https:\/\/i0.wp.com\/www.royaume2cheveux.fr\/wp-content\/uploads\/2023\/09\/Cream-and-Brown-Photographic-Beauty-Site-Launch-Website-2000-%C3%97-1124-px-2048x1151.png?resize=350%2C200&ssl=1","width":350,"height":200,"srcset":"https:\/\/i0.wp.com\/www.royaume2cheveux.fr\/wp-content\/uploads\/2023\/09\/Cream-and-Brown-Photographic-Beauty-Site-Launch-Website-2000-%C3%97-1124-px-2048x1151.png?resize=350%2C200&ssl=1 1x, https:\/\/i0.wp.com\/www.royaume2cheveux.fr\/wp-content\/uploads\/2023\/09\/Cream-and-Brown-Photographic-Beauty-Site-Launch-Website-2000-%C3%97-1124-px-2048x1151.png?resize=525%2C300&ssl=1 1.5x, https:\/\/i0.wp.com\/www.royaume2cheveux.fr\/wp-content\/uploads\/2023\/09\/Cream-and-Brown-Photographic-Beauty-Site-Launch-Website-2000-%C3%97-1124-px-2048x1151.png?resize=700%2C400&ssl=1 2x"},"classes":[]},{"id":17,"url":"https:\/\/www.royaume2cheveux.fr\/?page_id=17","url_meta":{"origin":133,"position":3},"title":"Nos produits","author":"Camelia.1606","date":"29\/08\/2023","format":false,"excerpt":"","rel":"","context":"Article similaire","block_context":{"text":"Article similaire","link":""},"img":{"alt_text":"","src":"","width":0,"height":0},"classes":[]},{"id":18,"url":"https:\/\/www.royaume2cheveux.fr\/?page_id=18","url_meta":{"origin":133,"position":4},"title":"Panier","author":"Camelia.1606","date":"29\/08\/2023","format":false,"excerpt":"","rel":"","context":"Article similaire","block_context":{"text":"Article similaire","link":""},"img":{"alt_text":"","src":"","width":0,"height":0},"classes":[]},{"id":20,"url":"https:\/\/www.royaume2cheveux.fr\/?page_id=20","url_meta":{"origin":133,"position":5},"title":"Mon compte","author":"Camelia.1606","date":"29\/08\/2023","format":false,"excerpt":"","rel":"","context":"Article similaire","block_context":{"text":"Article similaire","link":""},"img":{"alt_text":"","src":"","width":0,"height":0},"classes":[]}],"jetpack_sharing_enabled":true,"_links":{"self":[{"href":"https:\/\/www.royaume2cheveux.fr\/index.php?rest_route=\/wp\/v2\/pages\/133","targetHints":{"allow":["GET"]}}],"collection":[{"href":"https:\/\/www.royaume2cheveux.fr\/index.php?rest_route=\/wp\/v2\/pages"}],"about":[{"href":"https:\/\/www.royaume2cheveux.fr\/index.php?rest_route=\/wp\/v2\/types\/page"}],"author":[{"embeddable":true,"href":"https:\/\/www.royaume2cheveux.fr\/index.php?rest_route=\/wp\/v2\/users\/1"}],"replies":[{"embeddable":true,"href":"https:\/\/www.royaume2cheveux.fr\/index.php?rest_route=%2Fwp%2Fv2%2Fcomments&post=133"}],"version-history":[{"count":34,"href":"https:\/\/www.royaume2cheveux.fr\/index.php?rest_route=\/wp\/v2\/pages\/133\/revisions"}],"predecessor-version":[{"id":9301,"href":"https:\/\/www.royaume2cheveux.fr\/index.php?rest_route=\/wp\/v2\/pages\/133\/revisions\/9301"}],"wp:attachment":[{"href":"https:\/\/www.royaume2cheveux.fr\/index.php?rest_route=%2Fwp%2Fv2%2Fmedia&parent=133"}],"curies":[{"name":"wp","href":"https:\/\/api.w.org\/{rel}","templated":true}]}}