{"id":3,"date":"2023-08-29T08:28:07","date_gmt":"2023-08-29T08:28:07","guid":{"rendered":"https:\/\/www.royaume2cheveux.fr\/?page_id=3"},"modified":"2023-09-04T11:41:33","modified_gmt":"2023-09-04T11:41:33","slug":"privacy-policy","status":"publish","type":"page","link":"https:\/\/www.royaume2cheveux.fr\/?page_id=3","title":{"rendered":"Mentions l\u00e9gales"},"content":{"rendered":"\t\t<div data-elementor-type=\"wp-page\" data-elementor-id=\"3\" class=\"elementor elementor-3\" data-elementor-post-type=\"page\">\n\t\t\t\t\t\t<section class=\"elementor-section elementor-top-section elementor-element elementor-element-5d4c991 elementor-section-boxed elementor-section-height-default elementor-section-height-default\" data-id=\"5d4c991\" data-element_type=\"section\" data-e-type=\"section\">\n\t\t\t\t\t\t<div class=\"elementor-container elementor-column-gap-default\">\n\t\t\t\t\t<div class=\"elementor-column elementor-col-100 elementor-top-column elementor-element elementor-element-52ea514b\" data-id=\"52ea514b\" data-element_type=\"column\" data-e-type=\"column\">\n\t\t\t<div class=\"elementor-widget-wrap elementor-element-populated\">\n\t\t\t\t\t\t<div class=\"elementor-element elementor-element-13c9de4d elementor-widget elementor-widget-text-editor\" data-id=\"13c9de4d\" data-element_type=\"widget\" data-e-type=\"widget\" data-widget_type=\"text-editor.default\">\n\t\t\t\t<div class=\"elementor-widget-container\">\n\t\t\t\t\t\t\t\t\t\n<h2 class=\"wp-block-heading\"><\/h2>\n\t\t\t\t\t\t\t\t<\/div>\n\t\t\t\t<\/div>\n\t\t\t\t\t<\/div>\n\t\t<\/div>\n\t\t\t\t\t<\/div>\n\t\t<\/section>\n\t\t\t\t<section class=\"elementor-section elementor-top-section elementor-element elementor-element-b6ae3fb elementor-section-boxed elementor-section-height-default elementor-section-height-default\" data-id=\"b6ae3fb\" data-element_type=\"section\" data-e-type=\"section\">\n\t\t\t\t\t\t<div class=\"elementor-container elementor-column-gap-default\">\n\t\t\t\t\t<div class=\"elementor-column elementor-col-100 elementor-top-column elementor-element elementor-element-fc2e0d6\" data-id=\"fc2e0d6\" data-element_type=\"column\" data-e-type=\"column\">\n\t\t\t<div class=\"elementor-widget-wrap elementor-element-populated\">\n\t\t\t\t\t\t<div class=\"elementor-element elementor-element-2ef6452 elementor-widget elementor-widget-heading\" data-id=\"2ef6452\" data-element_type=\"widget\" data-e-type=\"widget\" data-widget_type=\"heading.default\">\n\t\t\t\t<div class=\"elementor-widget-container\">\n\t\t\t\t\t<h2 class=\"elementor-heading-title elementor-size-default\">Mentions L\u00e9gales<\/h2>\t\t\t\t<\/div>\n\t\t\t\t<\/div>\n\t\t\t\t<div class=\"elementor-element elementor-element-8cf7ed9 elementor-widget elementor-widget-text-editor\" data-id=\"8cf7ed9\" data-element_type=\"widget\" data-e-type=\"widget\" data-widget_type=\"text-editor.default\">\n\t\t\t\t<div class=\"elementor-widget-container\">\n\t\t\t\t\t\t\t\t\t<p><span style=\"color: #555555; font-size: 14.4px;\">Le site ROYAUME2CHEVEUX.FR est exploit\u00e9 par Camelia BOUSB<\/span><span style=\"color: #555555; font-size: 14.4px;\">AA immatricul\u00e9e au RCS de N\u00eemes sous le n\u00b0<\/span><span style=\"color: #555555; font-size: 14.4px;\">88875294600010 dont le si\u00e8ge social est situ\u00e9 au\u00a0:<\/span><\/p>\n<div>80 rue sainte perp\u00e9tue &#8211; 30000 NIMES\n<p>\u00a0<\/p>\n<p>Tous les \u00e9l\u00e9ments du site de ROYAUME2CHEVEUX.FR\u00a0sont et restent la propri\u00e9t\u00e9 intellectuelle et exclusive de Camelia BOUSBAA.<\/p>\n<p>Personne n\u2019est autoris\u00e9 \u00e0 reproduire, exploiter, rediffuser, ou utiliser \u00e0 quelque titre que ce soit, m\u00eame partiellement, des \u00e9l\u00e9ments du site qu\u2019ils soient logiciels, visuels ou sonores.<\/p>\n<p>Tout lien simple ou par hypertexte est strictement interdit sans un accord \u00e9crit de Camelia BOUSBAA<\/p>\n<p>\u00a0<\/p>\n<p>Raison Sociale : ROYAUME2CHEVEUX<\/p>\n<p>Siret : <span style=\"color: #3d3d3d; font-family: Lato, sans-serif; font-size: medium;\">88875294600010<\/span><\/p>\n<p>Email : Contat@royaume2cheveux.fr<\/p>\n<p>Si\u00e8ge sociale : 80 rue sainte perp\u00e9tue &#8211; 30000 NIMES<\/p>\n<p>\u00a0<\/p>\n<p><strong>HEBERGEUR DU SITE :<\/strong><\/p>\n<p><a href=\"https:\/\/www.o2switch.fr\/\">O2SWITCH<\/a>\u00a0<\/p>\n<p>Adresse : 222 Bd Gustave Flaubert, 63000 Clermont-Ferrand<\/p>\n<p>Mail : support@<em>o2switch<\/em>.fr\u00a0<\/p>\n<p>Tel : 04 44 44 60 40<\/p>\n<p>\u00a0<\/p>\n<p>La cr\u00e9ation du site a \u00e9t\u00e9 r\u00e9alis\u00e9e par <a href=\"https:\/\/agence-cg.fr\/\">AGENCE CG<\/a>.<\/p>\n<\/div>\n<div>\u00a0<\/div>\t\t\t\t\t\t\t\t<\/div>\n\t\t\t\t<\/div>\n\t\t\t\t\t<\/div>\n\t\t<\/div>\n\t\t\t\t\t<\/div>\n\t\t<\/section>\n\t\t\t\t<\/div>\n\t\t","protected":false},"excerpt":{"rendered":"<p>Mentions L\u00e9gales Le site ROYAUME2CHEVEUX.FR est exploit\u00e9 par Camelia BOUSBAA immatricul\u00e9e au RCS de N\u00eemes sous le n\u00b088875294600010 dont le si\u00e8ge social est situ\u00e9 au\u00a0: 80 rue sainte perp\u00e9tue &#8211; 30000 NIMES \u00a0 Tous les \u00e9l\u00e9ments du site de ROYAUME2CHEVEUX.FR\u00a0sont et restent la propri\u00e9t\u00e9 intellectuelle et exclusive de Camelia BOUSBAA. Personne n\u2019est autoris\u00e9 \u00e0 reproduire, [&#8230;]\n","protected":false},"author":1,"featured_media":0,"parent":0,"menu_order":0,"comment_status":"closed","ping_status":"open","template":"","meta":{"jetpack_post_was_ever_published":false,"footnotes":""},"class_list":["post-3","page","type-page","status-publish","hentry"],"jetpack-related-posts":[{"id":484,"url":"https:\/\/www.royaume2cheveux.fr\/?page_id=484","url_meta":{"origin":3,"position":0},"title":"Analyse de composition","author":"Camelia.1606","date":"12\/09\/2023","format":false,"excerpt":"Analyse de composition En tant que 1\u00c8RE ANALYSTE DE COMPOSITIONje me devais de cr\u00e9er cette rubrique.Sur cette rubrique ANALYSE DE COMPOSITION vous allez retrouver tous les ingr\u00e9dients dangereux pour la sant\u00e9 pr\u00e9sents dans les produits cosm\u00e9tiques, elle a \u00e9t\u00e9 cr\u00e9\u00e9e afin de vous faciliter dans votre analyse des ingr\u00e9dients.\u00a0J'ai divis\u00e9\u2026","rel":"","context":"Article similaire","block_context":{"text":"Article similaire","link":""},"img":{"alt_text":"","src":"https:\/\/i0.wp.com\/www.royaume2cheveux.fr\/wp-content\/uploads\/2023\/09\/Design-sans-titre-25-1024x427.png?resize=350%2C200&ssl=1","width":350,"height":200,"srcset":"https:\/\/i0.wp.com\/www.royaume2cheveux.fr\/wp-content\/uploads\/2023\/09\/Design-sans-titre-25-1024x427.png?resize=350%2C200&ssl=1 1x, https:\/\/i0.wp.com\/www.royaume2cheveux.fr\/wp-content\/uploads\/2023\/09\/Design-sans-titre-25-1024x427.png?resize=525%2C300&ssl=1 1.5x, https:\/\/i0.wp.com\/www.royaume2cheveux.fr\/wp-content\/uploads\/2023\/09\/Design-sans-titre-25-1024x427.png?resize=700%2C400&ssl=1 2x"},"classes":[]},{"id":21,"url":"https:\/\/www.royaume2cheveux.fr\/?page_id=21","url_meta":{"origin":3,"position":1},"title":"Conditions g\u00e9n\u00e9rales de vente","author":"Camelia.1606","date":"04\/09\/2023","format":false,"excerpt":"CGV et Politique de confidentialit\u00e9 En vertu de l'article 6 de la loi n\u00b0 2004-575 du 21 juin 2004 pour la confiance dans l'\u00e9conomie num\u00e9rique, il est pr\u00e9cis\u00e9 aux utilisateurs du site royaume2cheveux@hotmail.fr\u00a0l'identit\u00e9 des diff\u00e9rents intervenants dans le cadre de sa r\u00e9alisation et de son suivi :\u00a0Propri\u00e9taire : ROYAUME2CHEVEUXAdresse :\u2026","rel":"","context":"Article similaire","block_context":{"text":"Article similaire","link":""},"img":{"alt_text":"","src":"","width":0,"height":0},"classes":[]}],"jetpack_sharing_enabled":true,"_links":{"self":[{"href":"https:\/\/www.royaume2cheveux.fr\/index.php?rest_route=\/wp\/v2\/pages\/3","targetHints":{"allow":["GET"]}}],"collection":[{"href":"https:\/\/www.royaume2cheveux.fr\/index.php?rest_route=\/wp\/v2\/pages"}],"about":[{"href":"https:\/\/www.royaume2cheveux.fr\/index.php?rest_route=\/wp\/v2\/types\/page"}],"author":[{"embeddable":true,"href":"https:\/\/www.royaume2cheveux.fr\/index.php?rest_route=\/wp\/v2\/users\/1"}],"replies":[{"embeddable":true,"href":"https:\/\/www.royaume2cheveux.fr\/index.php?rest_route=%2Fwp%2Fv2%2Fcomments&post=3"}],"version-history":[{"count":4,"href":"https:\/\/www.royaume2cheveux.fr\/index.php?rest_route=\/wp\/v2\/pages\/3\/revisions"}],"predecessor-version":[{"id":159,"href":"https:\/\/www.royaume2cheveux.fr\/index.php?rest_route=\/wp\/v2\/pages\/3\/revisions\/159"}],"wp:attachment":[{"href":"https:\/\/www.royaume2cheveux.fr\/index.php?rest_route=%2Fwp%2Fv2%2Fmedia&parent=3"}],"curies":[{"name":"wp","href":"https:\/\/api.w.org\/{rel}","templated":true}]}}