{"id":122,"date":"2023-08-31T15:15:33","date_gmt":"2023-08-31T15:15:33","guid":{"rendered":"https:\/\/www.royaume2cheveux.fr\/?post_type=product&#038;p=122"},"modified":"2026-04-07T12:50:15","modified_gmt":"2026-04-07T12:50:15","slug":"huile-anti-vergeture","status":"publish","type":"product","link":"https:\/\/www.royaume2cheveux.fr\/?product=huile-anti-vergeture","title":{"rendered":"Huile de massage nourrissante \u2013 Calendula, Amande douce &amp; Argan"},"content":{"rendered":"<p>Huile de massage nourrissante \u2013 Calendula, Amande douce &amp; Argan<\/p>\n<p>Souplesse, confort &amp; soin de la peau<\/p>\n<p>Formul\u00e9e \u00e0 base d\u2019huiles v\u00e9g\u00e9tales reconnues pour leurs bienfaits, cette huile de massage associe le Calendula apaisant, l\u2019Amande douce adoucissante et l\u2019huile d\u2019Argan nourrissante. Sa richesse en acides gras essentiels contribue \u00e0 am\u00e9liorer l\u2019\u00e9lasticit\u00e9 de la peau, \u00e0 la pr\u00e9server du dess\u00e8chement et \u00e0 la laisser douce et souple.<\/p>\n<p>Gr\u00e2ce \u00e0 son toucher soyeux et non gras, elle est id\u00e9ale pour les massages r\u00e9guliers et peut accompagner les routines de soin cibl\u00e9es sur les zones sensibles ou sujettes aux tiraillements.<\/p>\n<p><em>Bienfaits de l\u2019huile :<\/em><\/p>\n<p>Aide \u00e0 nourrir intens\u00e9ment et assouplir la peau<\/p>\n<p>Contribue \u00e0 pr\u00e9server l\u2019\u00e9lasticit\u00e9 cutan\u00e9e, notamment en p\u00e9riode de changements (grossesse, variation de poids, etc.)<\/p>\n<p>Participe \u00e0 am\u00e9liorer l\u2019aspect de la peau en cas de vergetures naissantes ou visibles<\/p>\n<p>Texture fluide, parfaite pour un massage relaxant et r\u00e9parateur<\/p>\n<p><span style=\"text-decoration: underline\">Conseils d\u2019utilisation :<\/span><\/p>\n<p>Appliquer quotidiennement sur peau propre et s\u00e8che, en massant par mouvements circulaires sur les zones concern\u00e9es (ventre, hanches, cuisses, poitrine\u2026). Insister sur les zones sujettes aux tiraillements. Usage externe uniquement.<\/p>\n<p>Ingr\u00e9dients : PRUNUS AMYGDALUS DULCIS (ALMOND) OIL, PERSEA<br \/>\nGRATISSIMA OIL. ARGANIA SPINOSA CARGAND KERNEL OIL.<br \/>\nOENOTHERA BIENNIS OIL, ROSA CANINA (ROSEHIP) FRUIT OIL,<br \/>\nCALENDULA OFFICINALIS (POT MARIGOLD) OIL. TOCOPHEROL.<br \/>\nFRAGRANCE*, ALLERGENES*<\/p>\n<p>Aucune contre indication sur ce produits.<\/p>\n<p>30ml<\/p>\n","protected":false},"excerpt":{"rendered":"<p>Huile de massage nourrissante \u2013 Calendula, Amande douce &amp; Argan Souplesse, confort &amp; soin de la peau Formul\u00e9e \u00e0 base d\u2019huiles v\u00e9g\u00e9tales reconnues pour leurs bienfaits, cette huile de massage associe le Calendula apaisant, l\u2019Amande douce adoucissante et l\u2019huile d\u2019Argan nourrissante. Sa richesse en acides gras essentiels contribue \u00e0 am\u00e9liorer l\u2019\u00e9lasticit\u00e9 de la peau, \u00e0 [&#8230;]\n","protected":false},"featured_media":6670,"comment_status":"open","ping_status":"closed","template":"","meta":{"jetpack_post_was_ever_published":false},"product_brand":[],"product_cat":[17],"product_tag":[],"class_list":{"0":"post-122","1":"product","2":"type-product","3":"status-publish","4":"has-post-thumbnail","6":"product_cat-produits-peau","8":"first","9":"outofstock","10":"shipping-taxable","11":"purchasable","12":"product-type-simple"},"jetpack-related-posts":[{"id":6840,"url":"https:\/\/www.royaume2cheveux.fr\/?product=huile-amincissante-visage-corps-a-base-de-pamplemousse","url_meta":{"origin":122,"position":0},"title":"Huile Amincissante Visage &amp; Corps \u2013 \u00c0 base de Pamplemousse","author":"Camelia.1606","date":"15\/07\/2025","format":false,"excerpt":"Huile Amincissante Visage & Corps \u2013 \u00c0 base de Pamplemousse Affine la silhouette, lisse et tonifie la peau naturellement D\u00e9couvrez notre Huile Amincissante 100% naturelle, sp\u00e9cialement formul\u00e9e pour affiner la silhouette, lisser la peau et am\u00e9liorer son \u00e9lasticit\u00e9. Gr\u00e2ce \u00e0 sa synergie d\u2019huiles v\u00e9g\u00e9tales et essentielles pr\u00e9cieuses, elle est id\u00e9ale\u2026","rel":"","context":"Article similaire","block_context":{"text":"Article similaire","link":""},"img":{"alt_text":"","src":"https:\/\/i0.wp.com\/www.royaume2cheveux.fr\/wp-content\/uploads\/2025\/07\/6d58dbe6-814d-417d-b155-e2d3c3db42f3.png?fit=1024%2C1024&ssl=1&resize=350%2C200","width":350,"height":200,"srcset":"https:\/\/i0.wp.com\/www.royaume2cheveux.fr\/wp-content\/uploads\/2025\/07\/6d58dbe6-814d-417d-b155-e2d3c3db42f3.png?fit=1024%2C1024&ssl=1&resize=350%2C200 1x, https:\/\/i0.wp.com\/www.royaume2cheveux.fr\/wp-content\/uploads\/2025\/07\/6d58dbe6-814d-417d-b155-e2d3c3db42f3.png?fit=1024%2C1024&ssl=1&resize=525%2C300 1.5x, https:\/\/i0.wp.com\/www.royaume2cheveux.fr\/wp-content\/uploads\/2025\/07\/6d58dbe6-814d-417d-b155-e2d3c3db42f3.png?fit=1024%2C1024&ssl=1&resize=700%2C400 2x"},"classes":[]},{"id":4408,"url":"https:\/\/www.royaume2cheveux.fr\/?product=masque-cheveux-neroli","url_meta":{"origin":122,"position":1},"title":"Masque capillaire nourrissant \u2013 N\u00e9roli, Avocat, Karit\u00e9, Amande douce &amp; Jasmin","author":"Camelia.1606","date":"11\/07\/2024","format":false,"excerpt":"Masque capillaire nourrissant \u2013 N\u00e9roli, Avocat, Karit\u00e9, Amande douce & Jasmin Soin riche \u2013 Nutrition, douceur et protection Formul\u00e9 \u00e0 base d\u2019ingr\u00e9dients soigneusement s\u00e9lectionn\u00e9s tels que le N\u00e9roli, l\u2019huile d\u2019Avocat, le Beurre de Karit\u00e9, l\u2019huile d\u2019Amande douce et l\u2019extrait de Jasmin, ce masque capillaire aide \u00e0 nourrir intens\u00e9ment la fibre\u2026","rel":"","context":"Article similaire","block_context":{"text":"Article similaire","link":""},"img":{"alt_text":"","src":"https:\/\/i0.wp.com\/www.royaume2cheveux.fr\/wp-content\/uploads\/2024\/07\/758d4fc5-bcd3-4000-92a1-0cb633288a8b.png?fit=1200%2C800&ssl=1&resize=350%2C200","width":350,"height":200,"srcset":"https:\/\/i0.wp.com\/www.royaume2cheveux.fr\/wp-content\/uploads\/2024\/07\/758d4fc5-bcd3-4000-92a1-0cb633288a8b.png?fit=1200%2C800&ssl=1&resize=350%2C200 1x, https:\/\/i0.wp.com\/www.royaume2cheveux.fr\/wp-content\/uploads\/2024\/07\/758d4fc5-bcd3-4000-92a1-0cb633288a8b.png?fit=1200%2C800&ssl=1&resize=525%2C300 1.5x, https:\/\/i0.wp.com\/www.royaume2cheveux.fr\/wp-content\/uploads\/2024\/07\/758d4fc5-bcd3-4000-92a1-0cb633288a8b.png?fit=1200%2C800&ssl=1&resize=700%2C400 2x, https:\/\/i0.wp.com\/www.royaume2cheveux.fr\/wp-content\/uploads\/2024\/07\/758d4fc5-bcd3-4000-92a1-0cb633288a8b.png?fit=1200%2C800&ssl=1&resize=1050%2C600 3x"},"classes":[]},{"id":7558,"url":"https:\/\/www.royaume2cheveux.fr\/?product=huile-solaire-figue-de-barbarie-fruit-de-la-passion","url_meta":{"origin":122,"position":2},"title":"Huile Solaire \u2013 Figue de Barbarie &amp; Fruit de la Passion","author":"Camelia.1606","date":"23\/07\/2025","format":false,"excerpt":"\u2728 Bienfaits Offrez \u00e0 votre peau un bronzage lumineux, uniforme et naturel gr\u00e2ce \u00e0 cette huile solaire sensorielle aux notes fruit\u00e9es de passion. Enrichie en huiles v\u00e9g\u00e9tales pr\u00e9cieuses, elle : Favorise un bronzage dor\u00e9 et durable, Apaise les sensations d\u2019\u00e9chauffement apr\u00e8s l\u2019exposition au soleil, Lutte contre le vieillissement cutan\u00e9 gr\u00e2ce\u2026","rel":"","context":"Article similaire","block_context":{"text":"Article similaire","link":""},"img":{"alt_text":"","src":"https:\/\/i0.wp.com\/www.royaume2cheveux.fr\/wp-content\/uploads\/2025\/07\/4c8ff1de-ee72-4b95-8f72-6be6a39194f1.jpeg?fit=800%2C1200&ssl=1&resize=350%2C200","width":350,"height":200,"srcset":"https:\/\/i0.wp.com\/www.royaume2cheveux.fr\/wp-content\/uploads\/2025\/07\/4c8ff1de-ee72-4b95-8f72-6be6a39194f1.jpeg?fit=800%2C1200&ssl=1&resize=350%2C200 1x, https:\/\/i0.wp.com\/www.royaume2cheveux.fr\/wp-content\/uploads\/2025\/07\/4c8ff1de-ee72-4b95-8f72-6be6a39194f1.jpeg?fit=800%2C1200&ssl=1&resize=525%2C300 1.5x, https:\/\/i0.wp.com\/www.royaume2cheveux.fr\/wp-content\/uploads\/2025\/07\/4c8ff1de-ee72-4b95-8f72-6be6a39194f1.jpeg?fit=800%2C1200&ssl=1&resize=700%2C400 2x"},"classes":[]},{"id":124,"url":"https:\/\/www.royaume2cheveux.fr\/?product=shampoing-solide-anti-chute","url_meta":{"origin":122,"position":3},"title":"Shampoing solide anti-chute \u2013 C\u00e8dre de l\u2019Atlas &amp; Argile de Kaolin","author":"Camelia.1606","date":"31\/08\/2023","format":false,"excerpt":"\u00a0","rel":"","context":"Article similaire","block_context":{"text":"Article similaire","link":""},"img":{"alt_text":"","src":"https:\/\/i0.wp.com\/www.royaume2cheveux.fr\/wp-content\/uploads\/2023\/08\/24f557a0-149e-4e26-9006-5ffe4a78e1a3.png?fit=800%2C1200&ssl=1&resize=350%2C200","width":350,"height":200,"srcset":"https:\/\/i0.wp.com\/www.royaume2cheveux.fr\/wp-content\/uploads\/2023\/08\/24f557a0-149e-4e26-9006-5ffe4a78e1a3.png?fit=800%2C1200&ssl=1&resize=350%2C200 1x, https:\/\/i0.wp.com\/www.royaume2cheveux.fr\/wp-content\/uploads\/2023\/08\/24f557a0-149e-4e26-9006-5ffe4a78e1a3.png?fit=800%2C1200&ssl=1&resize=525%2C300 1.5x, https:\/\/i0.wp.com\/www.royaume2cheveux.fr\/wp-content\/uploads\/2023\/08\/24f557a0-149e-4e26-9006-5ffe4a78e1a3.png?fit=800%2C1200&ssl=1&resize=700%2C400 2x"},"classes":[]},{"id":1953,"url":"https:\/\/www.royaume2cheveux.fr\/?product=serum-lissant-contour-des-yeux","url_meta":{"origin":122,"position":4},"title":"S\u00e9rum lissant contour des yeux \u2013 Figue de Barbarie, Calophylle &amp; Jasmin","author":"Camelia.1606","date":"04\/12\/2023","format":false,"excerpt":"S\u00e9rum lissant contour des yeux \u2013 Figue de Barbarie, Calophylle & Jasmin \u00c9clat, douceur & regard repos\u00e9 Ce s\u00e9rum a \u00e9t\u00e9 soigneusement formul\u00e9 \u00e0 partir d\u2019huiles v\u00e9g\u00e9tales pr\u00e9cieuses, notamment la Figue de Barbarie et la Calophylle, reconnues pour leurs propri\u00e9t\u00e9s apaisantes et revitalisantes. Sa texture l\u00e9g\u00e8re p\u00e9n\u00e8tre rapidement pour hydrater\u2026","rel":"","context":"Article similaire","block_context":{"text":"Article similaire","link":""},"img":{"alt_text":"","src":"https:\/\/i0.wp.com\/www.royaume2cheveux.fr\/wp-content\/uploads\/2023\/12\/c513539d-eaee-4b9f-87cb-c2053a43f96c.png?fit=1024%2C1024&ssl=1&resize=350%2C200","width":350,"height":200,"srcset":"https:\/\/i0.wp.com\/www.royaume2cheveux.fr\/wp-content\/uploads\/2023\/12\/c513539d-eaee-4b9f-87cb-c2053a43f96c.png?fit=1024%2C1024&ssl=1&resize=350%2C200 1x, https:\/\/i0.wp.com\/www.royaume2cheveux.fr\/wp-content\/uploads\/2023\/12\/c513539d-eaee-4b9f-87cb-c2053a43f96c.png?fit=1024%2C1024&ssl=1&resize=525%2C300 1.5x, https:\/\/i0.wp.com\/www.royaume2cheveux.fr\/wp-content\/uploads\/2023\/12\/c513539d-eaee-4b9f-87cb-c2053a43f96c.png?fit=1024%2C1024&ssl=1&resize=700%2C400 2x"},"classes":[]},{"id":111,"url":"https:\/\/www.royaume2cheveux.fr\/?product=soin-repousse","url_meta":{"origin":122,"position":5},"title":"Soin cheveux activateur de pousse \u2013 Nigelle, Thym &amp; Romarin","author":"Camelia.1606","date":"31\/08\/2023","format":false,"excerpt":"I","rel":"","context":"Article similaire","block_context":{"text":"Article similaire","link":""},"img":{"alt_text":"","src":"https:\/\/i0.wp.com\/www.royaume2cheveux.fr\/wp-content\/uploads\/2023\/08\/07fa8afc-e86c-4070-a9d3-fc05525b89f6.png?fit=1024%2C1024&ssl=1&resize=350%2C200","width":350,"height":200,"srcset":"https:\/\/i0.wp.com\/www.royaume2cheveux.fr\/wp-content\/uploads\/2023\/08\/07fa8afc-e86c-4070-a9d3-fc05525b89f6.png?fit=1024%2C1024&ssl=1&resize=350%2C200 1x, https:\/\/i0.wp.com\/www.royaume2cheveux.fr\/wp-content\/uploads\/2023\/08\/07fa8afc-e86c-4070-a9d3-fc05525b89f6.png?fit=1024%2C1024&ssl=1&resize=525%2C300 1.5x, https:\/\/i0.wp.com\/www.royaume2cheveux.fr\/wp-content\/uploads\/2023\/08\/07fa8afc-e86c-4070-a9d3-fc05525b89f6.png?fit=1024%2C1024&ssl=1&resize=700%2C400 2x"},"classes":[]}],"jetpack_sharing_enabled":true,"_links":{"self":[{"href":"https:\/\/www.royaume2cheveux.fr\/index.php?rest_route=\/wp\/v2\/product\/122","targetHints":{"allow":["GET"]}}],"collection":[{"href":"https:\/\/www.royaume2cheveux.fr\/index.php?rest_route=\/wp\/v2\/product"}],"about":[{"href":"https:\/\/www.royaume2cheveux.fr\/index.php?rest_route=\/wp\/v2\/types\/product"}],"replies":[{"embeddable":true,"href":"https:\/\/www.royaume2cheveux.fr\/index.php?rest_route=%2Fwp%2Fv2%2Fcomments&post=122"}],"version-history":[{"count":4,"href":"https:\/\/www.royaume2cheveux.fr\/index.php?rest_route=\/wp\/v2\/product\/122\/revisions"}],"predecessor-version":[{"id":6707,"href":"https:\/\/www.royaume2cheveux.fr\/index.php?rest_route=\/wp\/v2\/product\/122\/revisions\/6707"}],"wp:featuredmedia":[{"embeddable":true,"href":"https:\/\/www.royaume2cheveux.fr\/index.php?rest_route=\/wp\/v2\/media\/6670"}],"wp:attachment":[{"href":"https:\/\/www.royaume2cheveux.fr\/index.php?rest_route=%2Fwp%2Fv2%2Fmedia&parent=122"}],"wp:term":[{"taxonomy":"product_brand","embeddable":true,"href":"https:\/\/www.royaume2cheveux.fr\/index.php?rest_route=%2Fwp%2Fv2%2Fproduct_brand&post=122"},{"taxonomy":"product_cat","embeddable":true,"href":"https:\/\/www.royaume2cheveux.fr\/index.php?rest_route=%2Fwp%2Fv2%2Fproduct_cat&post=122"},{"taxonomy":"product_tag","embeddable":true,"href":"https:\/\/www.royaume2cheveux.fr\/index.php?rest_route=%2Fwp%2Fv2%2Fproduct_tag&post=122"}],"curies":[{"name":"wp","href":"https:\/\/api.w.org\/{rel}","templated":true}]}}