{"id":4402,"date":"2024-07-11T22:01:50","date_gmt":"2024-07-11T22:01:50","guid":{"rendered":"https:\/\/www.royaume2cheveux.fr\/?post_type=product&#038;p=4402"},"modified":"2026-04-16T12:04:39","modified_gmt":"2026-04-16T12:04:39","slug":"shampoo-au-neroli","status":"publish","type":"product","link":"https:\/\/www.royaume2cheveux.fr\/?product=shampoo-au-neroli","title":{"rendered":"Shampoing doux sans sulfate \u2013 N\u00e9roli, Aloe Vera &amp; Jasmin"},"content":{"rendered":"<p>Shampoing doux sans sulfate \u2013 N\u00e9roli, Aloe Vera &amp; Jasmin<\/p>\n<p>Nettoie en douceur \u2013 Hydrate, adoucit et prot\u00e8ge<\/p>\n<p>Notre shampoing sans sulfate est enrichi en actifs v\u00e9g\u00e9taux reconnus tels que le N\u00e9roli, l\u2019Aloe Vera et le Jasmin. Sa formule douce nettoie efficacement le cuir chevelu tout en respectant l\u2019\u00e9quilibre naturel du cheveu. Il aide \u00e0 maintenir l\u2019hydratation, \u00e0 adoucir la fibre capillaire et \u00e0 faciliter le d\u00e9m\u00ealage sans l\u2019alourdir.<\/p>\n<p>Utilis\u00e9 r\u00e9guli\u00e8rement, il contribue \u00e0 am\u00e9liorer la souplesse des cheveux et \u00e0 limiter la casse li\u00e9e au coiffage.<\/p>\n<p><em>Fonctions protectrices :<\/em><\/p>\n<p>Gr\u00e2ce \u00e0 ses ingr\u00e9dients naturels aux propri\u00e9t\u00e9s adoucissantes et filmog\u00e8nes, ce shampoing :<\/p>\n<p>Aide \u00e0 prot\u00e9ger les cheveux contre les effets dess\u00e9chants du soleil et des appareils chauffants<\/p>\n<p>Limite l\u2019impact du sel marin et du chlore sur la fibre capillaire<\/p>\n<p>Contribue \u00e0 prot\u00e9ger les cheveux des agressions li\u00e9es \u00e0 la pollution quotidienne<\/p>\n<p><span style=\"text-decoration: underline\">Conseils d\u2019utilisation :<\/span><\/p>\n<p>Appliquer sur cheveux mouill\u00e9s, masser d\u00e9licatement le cuir chevelu, puis rincer. Pour un r\u00e9sultat optimal, compl\u00e9ter avec notre masque ou notre gel\u00e9e coiffante Royaume2Cheveux.<\/p>\n<p>INGR\u00c9DIENTS : Aqua, Sodium Lauroy| Sarcosinate, Cocamidopropy| Betaine, Lauryl Glucoside, Coco-Glucoside, Glycerin, Laurdimonium Hydroxypropy| Hydrolyzed Wheat Protein, Hydrolysed keratin, Aloe Barbadensis Leaf Extract.Guar Hydroxypropyltrimonium Chloride, Glycol Distearate, Laureth-4, Sodium Benzoate, Potassium Sorbate, Citric Acid, Fragrance, Hexyl Cinnamal<\/p>\n<p>TOUT TYPE DE CHEVEUX ADAPT\u00c9E FEMME ENCEINTE ET ALLAITANTE ET PEUT \u00caTRE UTILIS\u00c9E \u00c0 PARTIR DE 6 ANS<\/p>\n<p>Format : 200 ml<\/p>\n","protected":false},"excerpt":{"rendered":"<p>Shampoing doux sans sulfate \u2013 N\u00e9roli, Aloe Vera &amp; Jasmin Nettoie en douceur \u2013 Hydrate, adoucit et prot\u00e8ge Notre shampoing sans sulfate est enrichi en actifs v\u00e9g\u00e9taux reconnus tels que le N\u00e9roli, l\u2019Aloe Vera et le Jasmin. Sa formule douce nettoie efficacement le cuir chevelu tout en respectant l\u2019\u00e9quilibre naturel du cheveu. Il aide \u00e0 [&#8230;]\n","protected":false},"featured_media":6720,"comment_status":"open","ping_status":"closed","template":"","meta":{"jetpack_post_was_ever_published":false},"product_brand":[],"product_cat":[18],"product_tag":[],"class_list":{"0":"post-4402","1":"product","2":"type-product","3":"status-publish","4":"has-post-thumbnail","6":"product_cat-produits-capillaire","8":"first","9":"outofstock","10":"shipping-taxable","11":"purchasable","12":"product-type-simple"},"jetpack-related-posts":[{"id":4408,"url":"https:\/\/www.royaume2cheveux.fr\/?product=masque-cheveux-neroli","url_meta":{"origin":4402,"position":0},"title":"Masque capillaire nourrissant \u2013 N\u00e9roli, Avocat, Karit\u00e9, Amande douce &amp; Jasmin","author":"Camelia.1606","date":"11\/07\/2024","format":false,"excerpt":"Masque capillaire nourrissant \u2013 N\u00e9roli, Avocat, Karit\u00e9, Amande douce & Jasmin Soin riche \u2013 Nutrition, douceur et protection Formul\u00e9 \u00e0 base d\u2019ingr\u00e9dients soigneusement s\u00e9lectionn\u00e9s tels que le N\u00e9roli, l\u2019huile d\u2019Avocat, le Beurre de Karit\u00e9, l\u2019huile d\u2019Amande douce et l\u2019extrait de Jasmin, ce masque capillaire aide \u00e0 nourrir intens\u00e9ment la fibre\u2026","rel":"","context":"Article similaire","block_context":{"text":"Article similaire","link":""},"img":{"alt_text":"","src":"https:\/\/i0.wp.com\/www.royaume2cheveux.fr\/wp-content\/uploads\/2024\/07\/758d4fc5-bcd3-4000-92a1-0cb633288a8b.png?fit=1200%2C800&ssl=1&resize=350%2C200","width":350,"height":200,"srcset":"https:\/\/i0.wp.com\/www.royaume2cheveux.fr\/wp-content\/uploads\/2024\/07\/758d4fc5-bcd3-4000-92a1-0cb633288a8b.png?fit=1200%2C800&ssl=1&resize=350%2C200 1x, https:\/\/i0.wp.com\/www.royaume2cheveux.fr\/wp-content\/uploads\/2024\/07\/758d4fc5-bcd3-4000-92a1-0cb633288a8b.png?fit=1200%2C800&ssl=1&resize=525%2C300 1.5x, https:\/\/i0.wp.com\/www.royaume2cheveux.fr\/wp-content\/uploads\/2024\/07\/758d4fc5-bcd3-4000-92a1-0cb633288a8b.png?fit=1200%2C800&ssl=1&resize=700%2C400 2x, https:\/\/i0.wp.com\/www.royaume2cheveux.fr\/wp-content\/uploads\/2024\/07\/758d4fc5-bcd3-4000-92a1-0cb633288a8b.png?fit=1200%2C800&ssl=1&resize=1050%2C600 3x"},"classes":[]},{"id":7484,"url":"https:\/\/www.royaume2cheveux.fr\/?product=e-book-routine-capillaire-naturelle-pour-enfants-de-0-a-6-ans","url_meta":{"origin":4402,"position":1},"title":"E-book | Routine capillaire naturelle pour enfants de 0 \u00e0 6 ans","author":"Camelia.1606","date":"21\/07\/2025","format":false,"excerpt":"Routine capillaire naturelle pour enfants de 0 \u00e0 6 ans Un ebook complet, doux et bienveillant pour aider les parents \u00e0 prendre soin des cheveux de leur(s) enfant(s) avec des gestes simples, efficaces et 100 % naturels. \ud83d\udca1 Ce que tu vas d\u00e9couvrir : Une routine claire \u00e9tape par \u00e9tape,\u2026","rel":"","context":"Article similaire","block_context":{"text":"Article similaire","link":""},"img":{"alt_text":"","src":"https:\/\/i0.wp.com\/www.royaume2cheveux.fr\/wp-content\/uploads\/2025\/07\/2505f630fb0.png.png?fit=800%2C1200&ssl=1&resize=350%2C200","width":350,"height":200,"srcset":"https:\/\/i0.wp.com\/www.royaume2cheveux.fr\/wp-content\/uploads\/2025\/07\/2505f630fb0.png.png?fit=800%2C1200&ssl=1&resize=350%2C200 1x, https:\/\/i0.wp.com\/www.royaume2cheveux.fr\/wp-content\/uploads\/2025\/07\/2505f630fb0.png.png?fit=800%2C1200&ssl=1&resize=525%2C300 1.5x, https:\/\/i0.wp.com\/www.royaume2cheveux.fr\/wp-content\/uploads\/2025\/07\/2505f630fb0.png.png?fit=800%2C1200&ssl=1&resize=700%2C400 2x"},"classes":[]},{"id":124,"url":"https:\/\/www.royaume2cheveux.fr\/?product=shampoing-solide-anti-chute","url_meta":{"origin":4402,"position":2},"title":"Shampoing solide anti-chute \u2013 C\u00e8dre de l\u2019Atlas &amp; Argile de Kaolin","author":"Camelia.1606","date":"31\/08\/2023","format":false,"excerpt":"\u00a0","rel":"","context":"Article similaire","block_context":{"text":"Article similaire","link":""},"img":{"alt_text":"","src":"https:\/\/i0.wp.com\/www.royaume2cheveux.fr\/wp-content\/uploads\/2023\/08\/24f557a0-149e-4e26-9006-5ffe4a78e1a3.png?fit=800%2C1200&ssl=1&resize=350%2C200","width":350,"height":200,"srcset":"https:\/\/i0.wp.com\/www.royaume2cheveux.fr\/wp-content\/uploads\/2023\/08\/24f557a0-149e-4e26-9006-5ffe4a78e1a3.png?fit=800%2C1200&ssl=1&resize=350%2C200 1x, https:\/\/i0.wp.com\/www.royaume2cheveux.fr\/wp-content\/uploads\/2023\/08\/24f557a0-149e-4e26-9006-5ffe4a78e1a3.png?fit=800%2C1200&ssl=1&resize=525%2C300 1.5x, https:\/\/i0.wp.com\/www.royaume2cheveux.fr\/wp-content\/uploads\/2023\/08\/24f557a0-149e-4e26-9006-5ffe4a78e1a3.png?fit=800%2C1200&ssl=1&resize=700%2C400 2x"},"classes":[]},{"id":111,"url":"https:\/\/www.royaume2cheveux.fr\/?product=soin-repousse","url_meta":{"origin":4402,"position":3},"title":"Soin cheveux activateur de pousse \u2013 Nigelle, Thym &amp; Romarin","author":"Camelia.1606","date":"31\/08\/2023","format":false,"excerpt":"I","rel":"","context":"Article similaire","block_context":{"text":"Article similaire","link":""},"img":{"alt_text":"","src":"https:\/\/i0.wp.com\/www.royaume2cheveux.fr\/wp-content\/uploads\/2023\/08\/07fa8afc-e86c-4070-a9d3-fc05525b89f6.png?fit=1024%2C1024&ssl=1&resize=350%2C200","width":350,"height":200,"srcset":"https:\/\/i0.wp.com\/www.royaume2cheveux.fr\/wp-content\/uploads\/2023\/08\/07fa8afc-e86c-4070-a9d3-fc05525b89f6.png?fit=1024%2C1024&ssl=1&resize=350%2C200 1x, https:\/\/i0.wp.com\/www.royaume2cheveux.fr\/wp-content\/uploads\/2023\/08\/07fa8afc-e86c-4070-a9d3-fc05525b89f6.png?fit=1024%2C1024&ssl=1&resize=525%2C300 1.5x, https:\/\/i0.wp.com\/www.royaume2cheveux.fr\/wp-content\/uploads\/2023\/08\/07fa8afc-e86c-4070-a9d3-fc05525b89f6.png?fit=1024%2C1024&ssl=1&resize=700%2C400 2x"},"classes":[]},{"id":5598,"url":"https:\/\/www.royaume2cheveux.fr\/?product=gel-coiffant-plaque-les-cheveux-repulpe-les-boucles","url_meta":{"origin":4402,"position":4},"title":"Gel coiffant \u00e0 la Criste Marine","author":"Camelia.1606","date":"16\/03\/2025","format":false,"excerpt":"Gel coiffant \u00e0 la Criste Marine Formul\u00e9 sans silicone \u2013 Riche en ingr\u00e9dients d\u2019origine naturelle Notre gel coiffant \u00e0 la Criste Marine est formul\u00e9 avec des ingr\u00e9dients d\u2019origine naturelle et ne contient pas de silicone. Sa texture l\u00e9g\u00e8re permet de discipliner les cheveux pour un fini lisse et naturel. Il\u2026","rel":"","context":"Article similaire","block_context":{"text":"Article similaire","link":""},"img":{"alt_text":"","src":"https:\/\/i0.wp.com\/www.royaume2cheveux.fr\/wp-content\/uploads\/2025\/03\/53a3dd00-ae5a-4579-b124-c2667876a049.png?fit=800%2C1200&ssl=1&resize=350%2C200","width":350,"height":200,"srcset":"https:\/\/i0.wp.com\/www.royaume2cheveux.fr\/wp-content\/uploads\/2025\/03\/53a3dd00-ae5a-4579-b124-c2667876a049.png?fit=800%2C1200&ssl=1&resize=350%2C200 1x, https:\/\/i0.wp.com\/www.royaume2cheveux.fr\/wp-content\/uploads\/2025\/03\/53a3dd00-ae5a-4579-b124-c2667876a049.png?fit=800%2C1200&ssl=1&resize=525%2C300 1.5x, https:\/\/i0.wp.com\/www.royaume2cheveux.fr\/wp-content\/uploads\/2025\/03\/53a3dd00-ae5a-4579-b124-c2667876a049.png?fit=800%2C1200&ssl=1&resize=700%2C400 2x"},"classes":[]},{"id":3693,"url":"https:\/\/www.royaume2cheveux.fr\/?product=serum-cheveux","url_meta":{"origin":4402,"position":5},"title":"S\u00e9rum capillaire naturel \u2013 Effet \u00ab silicone-like \u00bb","author":"Camelia.1606","date":"28\/05\/2024","format":false,"excerpt":"S\u00e9rum capillaire naturel \u2013 Effet \u00ab silicone-like \u00bb Brillance, protection & r\u00e9paration \u2013 Sans silicone Notre s\u00e9rum a \u00e9t\u00e9 formul\u00e9 comme une alternative naturelle aux silicones classiques, pour sublimer les cheveux secs, ternes ou ab\u00eem\u00e9s sans les alourdir. Sa texture soyeuse enveloppe la fibre capillaire pour lui redonner \u00e9clat, douceur\u2026","rel":"","context":"Article similaire","block_context":{"text":"Article similaire","link":""},"img":{"alt_text":"","src":"https:\/\/i0.wp.com\/www.royaume2cheveux.fr\/wp-content\/uploads\/2024\/05\/a22d8ada-8ba2-478b-84c4-938312f97e75.png?fit=800%2C1200&ssl=1&resize=350%2C200","width":350,"height":200,"srcset":"https:\/\/i0.wp.com\/www.royaume2cheveux.fr\/wp-content\/uploads\/2024\/05\/a22d8ada-8ba2-478b-84c4-938312f97e75.png?fit=800%2C1200&ssl=1&resize=350%2C200 1x, https:\/\/i0.wp.com\/www.royaume2cheveux.fr\/wp-content\/uploads\/2024\/05\/a22d8ada-8ba2-478b-84c4-938312f97e75.png?fit=800%2C1200&ssl=1&resize=525%2C300 1.5x, https:\/\/i0.wp.com\/www.royaume2cheveux.fr\/wp-content\/uploads\/2024\/05\/a22d8ada-8ba2-478b-84c4-938312f97e75.png?fit=800%2C1200&ssl=1&resize=700%2C400 2x"},"classes":[]}],"jetpack_sharing_enabled":true,"_links":{"self":[{"href":"https:\/\/www.royaume2cheveux.fr\/index.php?rest_route=\/wp\/v2\/product\/4402","targetHints":{"allow":["GET"]}}],"collection":[{"href":"https:\/\/www.royaume2cheveux.fr\/index.php?rest_route=\/wp\/v2\/product"}],"about":[{"href":"https:\/\/www.royaume2cheveux.fr\/index.php?rest_route=\/wp\/v2\/types\/product"}],"replies":[{"embeddable":true,"href":"https:\/\/www.royaume2cheveux.fr\/index.php?rest_route=%2Fwp%2Fv2%2Fcomments&post=4402"}],"version-history":[{"count":4,"href":"https:\/\/www.royaume2cheveux.fr\/index.php?rest_route=\/wp\/v2\/product\/4402\/revisions"}],"predecessor-version":[{"id":6712,"href":"https:\/\/www.royaume2cheveux.fr\/index.php?rest_route=\/wp\/v2\/product\/4402\/revisions\/6712"}],"wp:featuredmedia":[{"embeddable":true,"href":"https:\/\/www.royaume2cheveux.fr\/index.php?rest_route=\/wp\/v2\/media\/6720"}],"wp:attachment":[{"href":"https:\/\/www.royaume2cheveux.fr\/index.php?rest_route=%2Fwp%2Fv2%2Fmedia&parent=4402"}],"wp:term":[{"taxonomy":"product_brand","embeddable":true,"href":"https:\/\/www.royaume2cheveux.fr\/index.php?rest_route=%2Fwp%2Fv2%2Fproduct_brand&post=4402"},{"taxonomy":"product_cat","embeddable":true,"href":"https:\/\/www.royaume2cheveux.fr\/index.php?rest_route=%2Fwp%2Fv2%2Fproduct_cat&post=4402"},{"taxonomy":"product_tag","embeddable":true,"href":"https:\/\/www.royaume2cheveux.fr\/index.php?rest_route=%2Fwp%2Fv2%2Fproduct_tag&post=4402"}],"curies":[{"name":"wp","href":"https:\/\/api.w.org\/{rel}","templated":true}]}}