{"id":4408,"date":"2024-07-11T22:08:26","date_gmt":"2024-07-11T22:08:26","guid":{"rendered":"https:\/\/www.royaume2cheveux.fr\/produit\/masque-cheveux-neroli\/"},"modified":"2026-04-13T22:32:28","modified_gmt":"2026-04-13T22:32:28","slug":"masque-cheveux-neroli","status":"publish","type":"product","link":"https:\/\/www.royaume2cheveux.fr\/?product=masque-cheveux-neroli","title":{"rendered":"Masque capillaire nourrissant \u2013 N\u00e9roli, Avocat, Karit\u00e9, Amande douce &amp; Jasmin"},"content":{"rendered":"<p>Masque capillaire nourrissant \u2013 N\u00e9roli, Avocat, Karit\u00e9, Amande douce &amp; Jasmin<\/p>\n<p>Soin riche \u2013 Nutrition, douceur et protection<\/p>\n<p>Formul\u00e9 \u00e0 base d\u2019ingr\u00e9dients soigneusement s\u00e9lectionn\u00e9s tels que le N\u00e9roli, l\u2019huile d\u2019Avocat, le Beurre de Karit\u00e9, l\u2019huile d\u2019Amande douce et l\u2019extrait de Jasmin, ce masque capillaire aide \u00e0 nourrir intens\u00e9ment la fibre capillaire, \u00e0 faciliter le d\u00e9m\u00ealage et \u00e0 apporter douceur et brillance aux cheveux.<\/p>\n<p>Utilis\u00e9 r\u00e9guli\u00e8rement, il contribue \u00e0 am\u00e9liorer l\u2019aspect des cheveux secs, sensibilis\u00e9s ou ab\u00eem\u00e9s.<\/p>\n<p><em>Fonctions protectrices :<\/em><\/p>\n<p>Gr\u00e2ce \u00e0 sa composition enrichie en huiles v\u00e9g\u00e9tales et actifs doux, ce soin contribue \u00e0 :<\/p>\n<p>Pr\u00e9server la fibre capillaire des effets du soleil et des sources de chaleur (s\u00e8che-cheveux, lisseur\u2026)<\/p>\n<p>Limiter les agressions ext\u00e9rieures telles que l\u2019eau de mer, le chlore ou la pollution urbaine<\/p>\n<p>Maintenir l\u2019hydratation naturelle des cheveux face aux agressions quotidiennes<\/p>\n<p><span style=\"text-decoration: underline\">Conseil d\u2019utilisation :<\/span><\/p>\n<p>Appliquer g\u00e9n\u00e9reusement sur cheveux propres et essor\u00e9s. Laisser poser 5 \u00e0 15 minutes selon le besoin, puis rincer abondamment. Pour une action renforc\u00e9e, utiliser sous chaleur douce ou laisser poser plus longtemps.<\/p>\n<p>INGR\u00c9DIENTS : Aqua, Behentrimonium Methosulfate,Glycerin, Butyrospermum Parkii (Shea)Butter, Persea Gratissima Oil, PrunusAmygdalus Dulcis (Almond) Oil, Benzyl Alcohol., Dehydroacetic Acid,Tocopherol, Fragrance, Hexyl Cinnamal,Eugenol<\/p>\n<p>ADAPT\u00c9E FEMME ENCEINTE ET ALLAITANTE TOUT TYPES DE CHEVEUX A PARTIR DE 6 ANS.<\/p>\n<p>Format : 200ml<\/p>\n","protected":false},"excerpt":{"rendered":"<p>Masque capillaire nourrissant \u2013 N\u00e9roli, Avocat, Karit\u00e9, Amande douce &amp; Jasmin Soin riche \u2013 Nutrition, douceur et protection Formul\u00e9 \u00e0 base d\u2019ingr\u00e9dients soigneusement s\u00e9lectionn\u00e9s tels que le N\u00e9roli, l\u2019huile d\u2019Avocat, le Beurre de Karit\u00e9, l\u2019huile d\u2019Amande douce et l\u2019extrait de Jasmin, ce masque capillaire aide \u00e0 nourrir intens\u00e9ment la fibre capillaire, \u00e0 faciliter le d\u00e9m\u00ealage [&#8230;]\n","protected":false},"featured_media":6719,"comment_status":"open","ping_status":"closed","template":"","meta":{"jetpack_post_was_ever_published":true},"product_brand":[],"product_cat":[18],"product_tag":[],"class_list":{"0":"post-4408","1":"product","2":"type-product","3":"status-publish","4":"has-post-thumbnail","6":"product_cat-produits-capillaire","8":"first","9":"outofstock","10":"shipping-taxable","11":"purchasable","12":"product-type-simple"},"jetpack-related-posts":[{"id":4402,"url":"https:\/\/www.royaume2cheveux.fr\/?product=shampoo-au-neroli","url_meta":{"origin":4408,"position":0},"title":"Shampoing doux sans sulfate \u2013 N\u00e9roli, Aloe Vera &amp; Jasmin","author":"Camelia.1606","date":"11\/07\/2024","format":false,"excerpt":"Shampoing doux sans sulfate \u2013 N\u00e9roli, Aloe Vera & Jasmin Nettoie en douceur \u2013 Hydrate, adoucit et prot\u00e8ge Notre shampoing sans sulfate est enrichi en actifs v\u00e9g\u00e9taux reconnus tels que le N\u00e9roli, l\u2019Aloe Vera et le Jasmin. Sa formule douce nettoie efficacement le cuir chevelu tout en respectant l\u2019\u00e9quilibre naturel\u2026","rel":"","context":"Article similaire","block_context":{"text":"Article similaire","link":""},"img":{"alt_text":"","src":"https:\/\/i0.wp.com\/www.royaume2cheveux.fr\/wp-content\/uploads\/2024\/07\/62e48183-9af4-4d71-b89d-e5d28ed86b1d.png?fit=1024%2C1024&ssl=1&resize=350%2C200","width":350,"height":200,"srcset":"https:\/\/i0.wp.com\/www.royaume2cheveux.fr\/wp-content\/uploads\/2024\/07\/62e48183-9af4-4d71-b89d-e5d28ed86b1d.png?fit=1024%2C1024&ssl=1&resize=350%2C200 1x, https:\/\/i0.wp.com\/www.royaume2cheveux.fr\/wp-content\/uploads\/2024\/07\/62e48183-9af4-4d71-b89d-e5d28ed86b1d.png?fit=1024%2C1024&ssl=1&resize=525%2C300 1.5x, https:\/\/i0.wp.com\/www.royaume2cheveux.fr\/wp-content\/uploads\/2024\/07\/62e48183-9af4-4d71-b89d-e5d28ed86b1d.png?fit=1024%2C1024&ssl=1&resize=700%2C400 2x"},"classes":[]},{"id":3693,"url":"https:\/\/www.royaume2cheveux.fr\/?product=serum-cheveux","url_meta":{"origin":4408,"position":1},"title":"S\u00e9rum capillaire naturel \u2013 Effet \u00ab silicone-like \u00bb","author":"Camelia.1606","date":"28\/05\/2024","format":false,"excerpt":"S\u00e9rum capillaire naturel \u2013 Effet \u00ab silicone-like \u00bb Brillance, protection & r\u00e9paration \u2013 Sans silicone Notre s\u00e9rum a \u00e9t\u00e9 formul\u00e9 comme une alternative naturelle aux silicones classiques, pour sublimer les cheveux secs, ternes ou ab\u00eem\u00e9s sans les alourdir. Sa texture soyeuse enveloppe la fibre capillaire pour lui redonner \u00e9clat, douceur\u2026","rel":"","context":"Article similaire","block_context":{"text":"Article similaire","link":""},"img":{"alt_text":"","src":"https:\/\/i0.wp.com\/www.royaume2cheveux.fr\/wp-content\/uploads\/2024\/05\/a22d8ada-8ba2-478b-84c4-938312f97e75.png?fit=800%2C1200&ssl=1&resize=350%2C200","width":350,"height":200,"srcset":"https:\/\/i0.wp.com\/www.royaume2cheveux.fr\/wp-content\/uploads\/2024\/05\/a22d8ada-8ba2-478b-84c4-938312f97e75.png?fit=800%2C1200&ssl=1&resize=350%2C200 1x, https:\/\/i0.wp.com\/www.royaume2cheveux.fr\/wp-content\/uploads\/2024\/05\/a22d8ada-8ba2-478b-84c4-938312f97e75.png?fit=800%2C1200&ssl=1&resize=525%2C300 1.5x, https:\/\/i0.wp.com\/www.royaume2cheveux.fr\/wp-content\/uploads\/2024\/05\/a22d8ada-8ba2-478b-84c4-938312f97e75.png?fit=800%2C1200&ssl=1&resize=700%2C400 2x"},"classes":[]},{"id":111,"url":"https:\/\/www.royaume2cheveux.fr\/?product=soin-repousse","url_meta":{"origin":4408,"position":2},"title":"Soin cheveux activateur de pousse \u2013 Nigelle, Thym &amp; Romarin","author":"Camelia.1606","date":"31\/08\/2023","format":false,"excerpt":"I","rel":"","context":"Article similaire","block_context":{"text":"Article similaire","link":""},"img":{"alt_text":"","src":"https:\/\/i0.wp.com\/www.royaume2cheveux.fr\/wp-content\/uploads\/2023\/08\/07fa8afc-e86c-4070-a9d3-fc05525b89f6.png?fit=1024%2C1024&ssl=1&resize=350%2C200","width":350,"height":200,"srcset":"https:\/\/i0.wp.com\/www.royaume2cheveux.fr\/wp-content\/uploads\/2023\/08\/07fa8afc-e86c-4070-a9d3-fc05525b89f6.png?fit=1024%2C1024&ssl=1&resize=350%2C200 1x, https:\/\/i0.wp.com\/www.royaume2cheveux.fr\/wp-content\/uploads\/2023\/08\/07fa8afc-e86c-4070-a9d3-fc05525b89f6.png?fit=1024%2C1024&ssl=1&resize=525%2C300 1.5x, https:\/\/i0.wp.com\/www.royaume2cheveux.fr\/wp-content\/uploads\/2023\/08\/07fa8afc-e86c-4070-a9d3-fc05525b89f6.png?fit=1024%2C1024&ssl=1&resize=700%2C400 2x"},"classes":[]},{"id":124,"url":"https:\/\/www.royaume2cheveux.fr\/?product=shampoing-solide-anti-chute","url_meta":{"origin":4408,"position":3},"title":"Shampoing solide anti-chute \u2013 C\u00e8dre de l\u2019Atlas &amp; Argile de Kaolin","author":"Camelia.1606","date":"31\/08\/2023","format":false,"excerpt":"\u00a0","rel":"","context":"Article similaire","block_context":{"text":"Article similaire","link":""},"img":{"alt_text":"","src":"https:\/\/i0.wp.com\/www.royaume2cheveux.fr\/wp-content\/uploads\/2023\/08\/24f557a0-149e-4e26-9006-5ffe4a78e1a3.png?fit=800%2C1200&ssl=1&resize=350%2C200","width":350,"height":200,"srcset":"https:\/\/i0.wp.com\/www.royaume2cheveux.fr\/wp-content\/uploads\/2023\/08\/24f557a0-149e-4e26-9006-5ffe4a78e1a3.png?fit=800%2C1200&ssl=1&resize=350%2C200 1x, https:\/\/i0.wp.com\/www.royaume2cheveux.fr\/wp-content\/uploads\/2023\/08\/24f557a0-149e-4e26-9006-5ffe4a78e1a3.png?fit=800%2C1200&ssl=1&resize=525%2C300 1.5x, https:\/\/i0.wp.com\/www.royaume2cheveux.fr\/wp-content\/uploads\/2023\/08\/24f557a0-149e-4e26-9006-5ffe4a78e1a3.png?fit=800%2C1200&ssl=1&resize=700%2C400 2x"},"classes":[]},{"id":7484,"url":"https:\/\/www.royaume2cheveux.fr\/?product=e-book-routine-capillaire-naturelle-pour-enfants-de-0-a-6-ans","url_meta":{"origin":4408,"position":4},"title":"E-book | Routine capillaire naturelle pour enfants de 0 \u00e0 6 ans","author":"Camelia.1606","date":"21\/07\/2025","format":false,"excerpt":"Routine capillaire naturelle pour enfants de 0 \u00e0 6 ans Un ebook complet, doux et bienveillant pour aider les parents \u00e0 prendre soin des cheveux de leur(s) enfant(s) avec des gestes simples, efficaces et 100 % naturels. \ud83d\udca1 Ce que tu vas d\u00e9couvrir : Une routine claire \u00e9tape par \u00e9tape,\u2026","rel":"","context":"Article similaire","block_context":{"text":"Article similaire","link":""},"img":{"alt_text":"","src":"https:\/\/i0.wp.com\/www.royaume2cheveux.fr\/wp-content\/uploads\/2025\/07\/2505f630fb0.png.png?fit=800%2C1200&ssl=1&resize=350%2C200","width":350,"height":200,"srcset":"https:\/\/i0.wp.com\/www.royaume2cheveux.fr\/wp-content\/uploads\/2025\/07\/2505f630fb0.png.png?fit=800%2C1200&ssl=1&resize=350%2C200 1x, https:\/\/i0.wp.com\/www.royaume2cheveux.fr\/wp-content\/uploads\/2025\/07\/2505f630fb0.png.png?fit=800%2C1200&ssl=1&resize=525%2C300 1.5x, https:\/\/i0.wp.com\/www.royaume2cheveux.fr\/wp-content\/uploads\/2025\/07\/2505f630fb0.png.png?fit=800%2C1200&ssl=1&resize=700%2C400 2x"},"classes":[]},{"id":120,"url":"https:\/\/www.royaume2cheveux.fr\/?product=anti-chute","url_meta":{"origin":4408,"position":5},"title":"Huile fortifiante &amp; anti-chute \u2013 Complexe de 18 actifs cibl\u00e9s, Nigelle &amp; Graine de lin","author":"Camelia.1606","date":"31\/08\/2023","format":false,"excerpt":"S\u00e9rum fortifiant & anti-chute \u2013 Complexe de 18 actifs cibl\u00e9s Croissance, densit\u00e9 & r\u00e9sistance Ce s\u00e9rum capillaire ultra-concentr\u00e9 associe plus de 18 actifs reconnus pour leur action cibl\u00e9e sur la vitalit\u00e9 du cuir chevelu. Con\u00e7u pour accompagner les cheveux sujets \u00e0 la chute, il agit en trois \u00e9tapes compl\u00e9mentaires :\u2026","rel":"","context":"Article similaire","block_context":{"text":"Article similaire","link":""},"img":{"alt_text":"","src":"https:\/\/i0.wp.com\/www.royaume2cheveux.fr\/wp-content\/uploads\/2023\/08\/52773485-d2fa-4409-86e8-5cf45661cb73.png?fit=1024%2C1024&ssl=1&resize=350%2C200","width":350,"height":200,"srcset":"https:\/\/i0.wp.com\/www.royaume2cheveux.fr\/wp-content\/uploads\/2023\/08\/52773485-d2fa-4409-86e8-5cf45661cb73.png?fit=1024%2C1024&ssl=1&resize=350%2C200 1x, https:\/\/i0.wp.com\/www.royaume2cheveux.fr\/wp-content\/uploads\/2023\/08\/52773485-d2fa-4409-86e8-5cf45661cb73.png?fit=1024%2C1024&ssl=1&resize=525%2C300 1.5x, https:\/\/i0.wp.com\/www.royaume2cheveux.fr\/wp-content\/uploads\/2023\/08\/52773485-d2fa-4409-86e8-5cf45661cb73.png?fit=1024%2C1024&ssl=1&resize=700%2C400 2x"},"classes":[]}],"jetpack_sharing_enabled":true,"_links":{"self":[{"href":"https:\/\/www.royaume2cheveux.fr\/index.php?rest_route=\/wp\/v2\/product\/4408","targetHints":{"allow":["GET"]}}],"collection":[{"href":"https:\/\/www.royaume2cheveux.fr\/index.php?rest_route=\/wp\/v2\/product"}],"about":[{"href":"https:\/\/www.royaume2cheveux.fr\/index.php?rest_route=\/wp\/v2\/types\/product"}],"replies":[{"embeddable":true,"href":"https:\/\/www.royaume2cheveux.fr\/index.php?rest_route=%2Fwp%2Fv2%2Fcomments&post=4408"}],"version-history":[{"count":3,"href":"https:\/\/www.royaume2cheveux.fr\/index.php?rest_route=\/wp\/v2\/product\/4408\/revisions"}],"predecessor-version":[{"id":6713,"href":"https:\/\/www.royaume2cheveux.fr\/index.php?rest_route=\/wp\/v2\/product\/4408\/revisions\/6713"}],"wp:featuredmedia":[{"embeddable":true,"href":"https:\/\/www.royaume2cheveux.fr\/index.php?rest_route=\/wp\/v2\/media\/6719"}],"wp:attachment":[{"href":"https:\/\/www.royaume2cheveux.fr\/index.php?rest_route=%2Fwp%2Fv2%2Fmedia&parent=4408"}],"wp:term":[{"taxonomy":"product_brand","embeddable":true,"href":"https:\/\/www.royaume2cheveux.fr\/index.php?rest_route=%2Fwp%2Fv2%2Fproduct_brand&post=4408"},{"taxonomy":"product_cat","embeddable":true,"href":"https:\/\/www.royaume2cheveux.fr\/index.php?rest_route=%2Fwp%2Fv2%2Fproduct_cat&post=4408"},{"taxonomy":"product_tag","embeddable":true,"href":"https:\/\/www.royaume2cheveux.fr\/index.php?rest_route=%2Fwp%2Fv2%2Fproduct_tag&post=4408"}],"curies":[{"name":"wp","href":"https:\/\/api.w.org\/{rel}","templated":true}]}}