{"id":5598,"date":"2025-03-16T20:13:18","date_gmt":"2025-03-16T20:13:18","guid":{"rendered":"https:\/\/www.royaume2cheveux.fr\/?post_type=product&#038;p=5598"},"modified":"2026-04-07T16:37:01","modified_gmt":"2026-04-07T16:37:01","slug":"gel-coiffant-plaque-les-cheveux-repulpe-les-boucles","status":"publish","type":"product","link":"https:\/\/www.royaume2cheveux.fr\/?product=gel-coiffant-plaque-les-cheveux-repulpe-les-boucles","title":{"rendered":"Gel coiffant \u00e0 la Criste Marine"},"content":{"rendered":"<p>Gel coiffant \u00e0 la Criste Marine<\/p>\n<p>Formul\u00e9 sans silicone \u2013 Riche en ingr\u00e9dients d\u2019origine naturelle<\/p>\n<p>Notre gel coiffant \u00e0 la Criste Marine est formul\u00e9 avec des ingr\u00e9dients d\u2019origine naturelle et ne contient pas de silicone. Sa texture l\u00e9g\u00e8re permet de discipliner les cheveux pour un fini lisse et naturel. Il offre une fixation efficace sans laisser de r\u00e9sidus visibles et sans effet cartonn\u00e9, pour un r\u00e9sultat confortable et esth\u00e9tique.<\/p>\n<p>Polyvalent, il s\u2019utilise \u00e9galement comme gel\u00e9e capillaire pour aider \u00e0 red\u00e9finir les boucles et maintenir leur forme tout au long de la journ\u00e9e.<\/p>\n<p><span style=\"text-decoration: underline\">Conseils d\u2019utilisation :<\/span><\/p>\n<p><em>Pour plaquer les cheveux :<\/em><\/p>\n<p>Appliquer une petite quantit\u00e9 sur cheveux secs ou humides. Lisser les cheveux \u00e0 l\u2019aide des doigts ou d\u2019une brosse, selon vos habitudes de coiffage.<\/p>\n<p><em>En gel\u00e9e capillaire pour boucles :<\/em><\/p>\n<p>Sur cheveux propres et humides, r\u00e9partir le produit m\u00e8che par m\u00e8che. Scruncher (froisser les boucles) la t\u00eate en bas pour favoriser la d\u00e9finition. Laisser s\u00e9cher \u00e0 l\u2019air libre ou utiliser un diffuseur \u00e0 air froid pour plus de volume et de tenue.<\/p>\n<p><span style=\"text-decoration: underline\">INGR\u00c9DIENTS :<\/span>Aqua, Aloe Barbadensis LeafJuice, Glycerin,Sucrose, Xanthan Gum, Xylitylglucoside, Anhydroxylitol,Xylitol, Fragrance,SimmondsiaChinensis (Jojoba)Seed Oil, SodiumBenzoate, PotassiumSorbate, Citric Acid,Sodium Citrate,Ascorbic Acid,Linalool, Eugenol.<\/p>\n<p><span style=\"text-decoration: underline\"><\/span><\/p>\n<p>NE CONVIENT PAS AU FEMMES ENCEINTES ET ALLAITANTES.<\/p>\n<p>CONSERVER DANS DES<\/p>\n<p>ENDROITS SOMBRE ET<\/p>\n<p>FRAIS \u00c0 MOINS DE 20\u00b0C,<\/p>\n<p>GARDER LE R\u00c9CIPIENT<\/p>\n<p>FERM\u00c9 LORSQU&rsquo;IL N&rsquo;EST<\/p>\n<p>PAS UTILIS\u00c9<\/p>\n<p>125ML<\/p>\n","protected":false},"excerpt":{"rendered":"<p>Gel coiffant \u00e0 la Criste Marine Formul\u00e9 sans silicone \u2013 Riche en ingr\u00e9dients d\u2019origine naturelle Notre gel coiffant \u00e0 la Criste Marine est formul\u00e9 avec des ingr\u00e9dients d\u2019origine naturelle et ne contient pas de silicone. Sa texture l\u00e9g\u00e8re permet de discipliner les cheveux pour un fini lisse et naturel. Il offre une fixation efficace sans [&#8230;]\n","protected":false},"featured_media":6718,"comment_status":"open","ping_status":"closed","template":"","meta":{"jetpack_post_was_ever_published":false},"product_brand":[],"product_cat":[15,18],"product_tag":[],"class_list":{"0":"post-5598","1":"product","2":"type-product","3":"status-publish","4":"has-post-thumbnail","6":"product_cat-non-classe","7":"product_cat-produits-capillaire","9":"first","10":"outofstock","11":"shipping-taxable","12":"purchasable","13":"product-type-simple"},"jetpack-related-posts":[{"id":4402,"url":"https:\/\/www.royaume2cheveux.fr\/?product=shampoo-au-neroli","url_meta":{"origin":5598,"position":0},"title":"Shampoing doux sans sulfate \u2013 N\u00e9roli, Aloe Vera &amp; Jasmin","author":"Camelia.1606","date":"11\/07\/2024","format":false,"excerpt":"Shampoing doux sans sulfate \u2013 N\u00e9roli, Aloe Vera & Jasmin Nettoie en douceur \u2013 Hydrate, adoucit et prot\u00e8ge Notre shampoing sans sulfate est enrichi en actifs v\u00e9g\u00e9taux reconnus tels que le N\u00e9roli, l\u2019Aloe Vera et le Jasmin. Sa formule douce nettoie efficacement le cuir chevelu tout en respectant l\u2019\u00e9quilibre naturel\u2026","rel":"","context":"Article similaire","block_context":{"text":"Article similaire","link":""},"img":{"alt_text":"","src":"https:\/\/i0.wp.com\/www.royaume2cheveux.fr\/wp-content\/uploads\/2024\/07\/62e48183-9af4-4d71-b89d-e5d28ed86b1d.png?fit=1024%2C1024&ssl=1&resize=350%2C200","width":350,"height":200,"srcset":"https:\/\/i0.wp.com\/www.royaume2cheveux.fr\/wp-content\/uploads\/2024\/07\/62e48183-9af4-4d71-b89d-e5d28ed86b1d.png?fit=1024%2C1024&ssl=1&resize=350%2C200 1x, https:\/\/i0.wp.com\/www.royaume2cheveux.fr\/wp-content\/uploads\/2024\/07\/62e48183-9af4-4d71-b89d-e5d28ed86b1d.png?fit=1024%2C1024&ssl=1&resize=525%2C300 1.5x, https:\/\/i0.wp.com\/www.royaume2cheveux.fr\/wp-content\/uploads\/2024\/07\/62e48183-9af4-4d71-b89d-e5d28ed86b1d.png?fit=1024%2C1024&ssl=1&resize=700%2C400 2x"},"classes":[]},{"id":3693,"url":"https:\/\/www.royaume2cheveux.fr\/?product=serum-cheveux","url_meta":{"origin":5598,"position":1},"title":"S\u00e9rum capillaire naturel \u2013 Effet \u00ab silicone-like \u00bb","author":"Camelia.1606","date":"28\/05\/2024","format":false,"excerpt":"S\u00e9rum capillaire naturel \u2013 Effet \u00ab silicone-like \u00bb Brillance, protection & r\u00e9paration \u2013 Sans silicone Notre s\u00e9rum a \u00e9t\u00e9 formul\u00e9 comme une alternative naturelle aux silicones classiques, pour sublimer les cheveux secs, ternes ou ab\u00eem\u00e9s sans les alourdir. Sa texture soyeuse enveloppe la fibre capillaire pour lui redonner \u00e9clat, douceur\u2026","rel":"","context":"Article similaire","block_context":{"text":"Article similaire","link":""},"img":{"alt_text":"","src":"https:\/\/i0.wp.com\/www.royaume2cheveux.fr\/wp-content\/uploads\/2024\/05\/a22d8ada-8ba2-478b-84c4-938312f97e75.png?fit=800%2C1200&ssl=1&resize=350%2C200","width":350,"height":200,"srcset":"https:\/\/i0.wp.com\/www.royaume2cheveux.fr\/wp-content\/uploads\/2024\/05\/a22d8ada-8ba2-478b-84c4-938312f97e75.png?fit=800%2C1200&ssl=1&resize=350%2C200 1x, https:\/\/i0.wp.com\/www.royaume2cheveux.fr\/wp-content\/uploads\/2024\/05\/a22d8ada-8ba2-478b-84c4-938312f97e75.png?fit=800%2C1200&ssl=1&resize=525%2C300 1.5x, https:\/\/i0.wp.com\/www.royaume2cheveux.fr\/wp-content\/uploads\/2024\/05\/a22d8ada-8ba2-478b-84c4-938312f97e75.png?fit=800%2C1200&ssl=1&resize=700%2C400 2x"},"classes":[]},{"id":7484,"url":"https:\/\/www.royaume2cheveux.fr\/?product=e-book-routine-capillaire-naturelle-pour-enfants-de-0-a-6-ans","url_meta":{"origin":5598,"position":2},"title":"E-book | Routine capillaire naturelle pour enfants de 0 \u00e0 6 ans","author":"Camelia.1606","date":"21\/07\/2025","format":false,"excerpt":"Routine capillaire naturelle pour enfants de 0 \u00e0 6 ans Un ebook complet, doux et bienveillant pour aider les parents \u00e0 prendre soin des cheveux de leur(s) enfant(s) avec des gestes simples, efficaces et 100 % naturels. \ud83d\udca1 Ce que tu vas d\u00e9couvrir : Une routine claire \u00e9tape par \u00e9tape,\u2026","rel":"","context":"Article similaire","block_context":{"text":"Article similaire","link":""},"img":{"alt_text":"","src":"https:\/\/i0.wp.com\/www.royaume2cheveux.fr\/wp-content\/uploads\/2025\/07\/2505f630fb0.png.png?fit=800%2C1200&ssl=1&resize=350%2C200","width":350,"height":200,"srcset":"https:\/\/i0.wp.com\/www.royaume2cheveux.fr\/wp-content\/uploads\/2025\/07\/2505f630fb0.png.png?fit=800%2C1200&ssl=1&resize=350%2C200 1x, https:\/\/i0.wp.com\/www.royaume2cheveux.fr\/wp-content\/uploads\/2025\/07\/2505f630fb0.png.png?fit=800%2C1200&ssl=1&resize=525%2C300 1.5x, https:\/\/i0.wp.com\/www.royaume2cheveux.fr\/wp-content\/uploads\/2025\/07\/2505f630fb0.png.png?fit=800%2C1200&ssl=1&resize=700%2C400 2x"},"classes":[]},{"id":124,"url":"https:\/\/www.royaume2cheveux.fr\/?product=shampoing-solide-anti-chute","url_meta":{"origin":5598,"position":3},"title":"Shampoing solide anti-chute \u2013 C\u00e8dre de l\u2019Atlas &amp; Argile de Kaolin","author":"Camelia.1606","date":"31\/08\/2023","format":false,"excerpt":"\u00a0","rel":"","context":"Article similaire","block_context":{"text":"Article similaire","link":""},"img":{"alt_text":"","src":"https:\/\/i0.wp.com\/www.royaume2cheveux.fr\/wp-content\/uploads\/2023\/08\/24f557a0-149e-4e26-9006-5ffe4a78e1a3.png?fit=800%2C1200&ssl=1&resize=350%2C200","width":350,"height":200,"srcset":"https:\/\/i0.wp.com\/www.royaume2cheveux.fr\/wp-content\/uploads\/2023\/08\/24f557a0-149e-4e26-9006-5ffe4a78e1a3.png?fit=800%2C1200&ssl=1&resize=350%2C200 1x, https:\/\/i0.wp.com\/www.royaume2cheveux.fr\/wp-content\/uploads\/2023\/08\/24f557a0-149e-4e26-9006-5ffe4a78e1a3.png?fit=800%2C1200&ssl=1&resize=525%2C300 1.5x, https:\/\/i0.wp.com\/www.royaume2cheveux.fr\/wp-content\/uploads\/2023\/08\/24f557a0-149e-4e26-9006-5ffe4a78e1a3.png?fit=800%2C1200&ssl=1&resize=700%2C400 2x"},"classes":[]},{"id":4408,"url":"https:\/\/www.royaume2cheveux.fr\/?product=masque-cheveux-neroli","url_meta":{"origin":5598,"position":4},"title":"Masque capillaire nourrissant \u2013 N\u00e9roli, Avocat, Karit\u00e9, Amande douce &amp; Jasmin","author":"Camelia.1606","date":"11\/07\/2024","format":false,"excerpt":"Masque capillaire nourrissant \u2013 N\u00e9roli, Avocat, Karit\u00e9, Amande douce & Jasmin Soin riche \u2013 Nutrition, douceur et protection Formul\u00e9 \u00e0 base d\u2019ingr\u00e9dients soigneusement s\u00e9lectionn\u00e9s tels que le N\u00e9roli, l\u2019huile d\u2019Avocat, le Beurre de Karit\u00e9, l\u2019huile d\u2019Amande douce et l\u2019extrait de Jasmin, ce masque capillaire aide \u00e0 nourrir intens\u00e9ment la fibre\u2026","rel":"","context":"Article similaire","block_context":{"text":"Article similaire","link":""},"img":{"alt_text":"","src":"https:\/\/i0.wp.com\/www.royaume2cheveux.fr\/wp-content\/uploads\/2024\/07\/758d4fc5-bcd3-4000-92a1-0cb633288a8b.png?fit=1200%2C800&ssl=1&resize=350%2C200","width":350,"height":200,"srcset":"https:\/\/i0.wp.com\/www.royaume2cheveux.fr\/wp-content\/uploads\/2024\/07\/758d4fc5-bcd3-4000-92a1-0cb633288a8b.png?fit=1200%2C800&ssl=1&resize=350%2C200 1x, https:\/\/i0.wp.com\/www.royaume2cheveux.fr\/wp-content\/uploads\/2024\/07\/758d4fc5-bcd3-4000-92a1-0cb633288a8b.png?fit=1200%2C800&ssl=1&resize=525%2C300 1.5x, https:\/\/i0.wp.com\/www.royaume2cheveux.fr\/wp-content\/uploads\/2024\/07\/758d4fc5-bcd3-4000-92a1-0cb633288a8b.png?fit=1200%2C800&ssl=1&resize=700%2C400 2x, https:\/\/i0.wp.com\/www.royaume2cheveux.fr\/wp-content\/uploads\/2024\/07\/758d4fc5-bcd3-4000-92a1-0cb633288a8b.png?fit=1200%2C800&ssl=1&resize=1050%2C600 3x"},"classes":[]},{"id":111,"url":"https:\/\/www.royaume2cheveux.fr\/?product=soin-repousse","url_meta":{"origin":5598,"position":5},"title":"Soin cheveux activateur de pousse \u2013 Nigelle, Thym &amp; Romarin","author":"Camelia.1606","date":"31\/08\/2023","format":false,"excerpt":"I","rel":"","context":"Article similaire","block_context":{"text":"Article similaire","link":""},"img":{"alt_text":"","src":"https:\/\/i0.wp.com\/www.royaume2cheveux.fr\/wp-content\/uploads\/2023\/08\/07fa8afc-e86c-4070-a9d3-fc05525b89f6.png?fit=1024%2C1024&ssl=1&resize=350%2C200","width":350,"height":200,"srcset":"https:\/\/i0.wp.com\/www.royaume2cheveux.fr\/wp-content\/uploads\/2023\/08\/07fa8afc-e86c-4070-a9d3-fc05525b89f6.png?fit=1024%2C1024&ssl=1&resize=350%2C200 1x, https:\/\/i0.wp.com\/www.royaume2cheveux.fr\/wp-content\/uploads\/2023\/08\/07fa8afc-e86c-4070-a9d3-fc05525b89f6.png?fit=1024%2C1024&ssl=1&resize=525%2C300 1.5x, https:\/\/i0.wp.com\/www.royaume2cheveux.fr\/wp-content\/uploads\/2023\/08\/07fa8afc-e86c-4070-a9d3-fc05525b89f6.png?fit=1024%2C1024&ssl=1&resize=700%2C400 2x"},"classes":[]}],"jetpack_sharing_enabled":true,"_links":{"self":[{"href":"https:\/\/www.royaume2cheveux.fr\/index.php?rest_route=\/wp\/v2\/product\/5598","targetHints":{"allow":["GET"]}}],"collection":[{"href":"https:\/\/www.royaume2cheveux.fr\/index.php?rest_route=\/wp\/v2\/product"}],"about":[{"href":"https:\/\/www.royaume2cheveux.fr\/index.php?rest_route=\/wp\/v2\/types\/product"}],"replies":[{"embeddable":true,"href":"https:\/\/www.royaume2cheveux.fr\/index.php?rest_route=%2Fwp%2Fv2%2Fcomments&post=5598"}],"version-history":[{"count":3,"href":"https:\/\/www.royaume2cheveux.fr\/index.php?rest_route=\/wp\/v2\/product\/5598\/revisions"}],"predecessor-version":[{"id":6714,"href":"https:\/\/www.royaume2cheveux.fr\/index.php?rest_route=\/wp\/v2\/product\/5598\/revisions\/6714"}],"wp:featuredmedia":[{"embeddable":true,"href":"https:\/\/www.royaume2cheveux.fr\/index.php?rest_route=\/wp\/v2\/media\/6718"}],"wp:attachment":[{"href":"https:\/\/www.royaume2cheveux.fr\/index.php?rest_route=%2Fwp%2Fv2%2Fmedia&parent=5598"}],"wp:term":[{"taxonomy":"product_brand","embeddable":true,"href":"https:\/\/www.royaume2cheveux.fr\/index.php?rest_route=%2Fwp%2Fv2%2Fproduct_brand&post=5598"},{"taxonomy":"product_cat","embeddable":true,"href":"https:\/\/www.royaume2cheveux.fr\/index.php?rest_route=%2Fwp%2Fv2%2Fproduct_cat&post=5598"},{"taxonomy":"product_tag","embeddable":true,"href":"https:\/\/www.royaume2cheveux.fr\/index.php?rest_route=%2Fwp%2Fv2%2Fproduct_tag&post=5598"}],"curies":[{"name":"wp","href":"https:\/\/api.w.org\/{rel}","templated":true}]}}