{"id":7558,"date":"2025-07-23T18:19:01","date_gmt":"2025-07-23T18:19:01","guid":{"rendered":"https:\/\/www.royaume2cheveux.fr\/produit\/huile-solaire-figue-de-barbarie-fruit-de-la-passion\/"},"modified":"2026-04-07T12:49:48","modified_gmt":"2026-04-07T12:49:48","slug":"huile-solaire-figue-de-barbarie-fruit-de-la-passion","status":"publish","type":"product","link":"https:\/\/www.royaume2cheveux.fr\/?product=huile-solaire-figue-de-barbarie-fruit-de-la-passion","title":{"rendered":"Huile Solaire \u2013 Figue de Barbarie &amp; Fruit de la Passion"},"content":{"rendered":"<p>\u2728 Bienfaits<\/p>\n<p>Offrez \u00e0 votre peau un bronzage lumineux, uniforme et naturel gr\u00e2ce \u00e0 cette huile solaire sensorielle aux notes fruit\u00e9es de passion. Enrichie en huiles v\u00e9g\u00e9tales pr\u00e9cieuses, elle :<\/p>\n<p>Favorise un bronzage dor\u00e9 et durable,<\/p>\n<p>Apaise les sensations d\u2019\u00e9chauffement apr\u00e8s l\u2019exposition au soleil,<\/p>\n<p>Lutte contre le vieillissement cutan\u00e9 gr\u00e2ce \u00e0 sa richesse en antioxydants,<\/p>\n<p>Nourrit et assouplit la peau, pour un effet satin\u00e9 imm\u00e9diat,<\/p>\n<p>Laisse un parfum gourmand exotique et envo\u00fbtant sur la peau.<\/p>\n<p>\ud83c\udf3f Ingr\u00e9dients cl\u00e9s<\/p>\n<p><strong><em>Sesamum Indicum (Sesame) Seed Oil :<\/em><\/strong> protectrice UV naturelle, nourrissante<\/p>\n<p><strong><em>Daucus Carota (Carotte) Seed Oil :<\/em><\/strong> active le bronzage, riche en b\u00eata-carot\u00e8ne<\/p>\n<p><strong><em>Argania Spinosa (Argan) Kernel Oil : <\/em><\/strong>r\u00e9g\u00e9n\u00e9rante, r\u00e9paratrice<\/p>\n<p><strong><em>Tocopherol (Vitamine E) :<\/em><\/strong> puissant antioxydant naturel<\/p>\n<p><strong><em>Opuntia Ficus-Indica (Figue de Barbarie) Seed Oil :<\/em><\/strong> raffermissante, anti-\u00e2ge<\/p>\n<p><strong><em>Fragrance<\/em><\/strong> (Fruit de la passion)<\/p>\n<p><em>Composants aromatiques naturels : <\/em>Limonene, Linalool, Hexyl Cinnamal, Citronellol, Hydroxycitronellal, Geraniol, Citral, Benzyl Salicylate<\/p>\n<h5><strong>CETTE HUILE NE PROT\u00c8GE PAS DU SOLEIL,<\/strong> <em><span style=\"text-decoration: underline\">une protection solaire est n\u00e9cessaire avant l&rsquo;application de cette huile. Cette huile active le bronzage et est donc \u00e0 appliquer juste apr\u00e8s la cr\u00e8me solaire <\/span><\/em>\ud83e\udd0d<\/h5>\n<p>\ud83e\uddf4 Conseils d\u2019utilisation<\/p>\n<p>R\u00e9chauffez quelques gouttes entre vos mains.<\/p>\n<p>Appliquez directement sur les zones expos\u00e9es (corps, jambes, bras\u2026).<\/p>\n<p>Massez en mouvements circulaires pour faire p\u00e9n\u00e9trer l\u2019huile et activer ses bienfaits.<\/p>\n<p>Utilisez quotidiennement sur peau propre, avant ou apr\u00e8s exposition solaire, pour une peau visiblement plus lisse, douce et \u00e9clatante.<\/p>\n<p>\ud83c\udf21\ufe0f Conservation : Garder \u00e0 l\u2019abri de la lumi\u00e8re et de la chaleur (temp\u00e9rature &lt; 25\u202f\u00b0C). Bien refermer apr\u00e8s usage.<\/p>\n<p>\ud83d\udce6 Contenance : 100 ml<\/p>\n<p>\ud83d\udc9c Convient \u00e0 tous les types de peau \u2013 Usage externe uniquement<\/p>\n","protected":false},"excerpt":{"rendered":"<p>\u2728 Bienfaits Offrez \u00e0 votre peau un bronzage lumineux, uniforme et naturel gr\u00e2ce \u00e0 cette huile solaire sensorielle aux notes fruit\u00e9es de passion. Enrichie en huiles v\u00e9g\u00e9tales pr\u00e9cieuses, elle : Favorise un bronzage dor\u00e9 et durable, Apaise les sensations d\u2019\u00e9chauffement apr\u00e8s l\u2019exposition au soleil, Lutte contre le vieillissement cutan\u00e9 gr\u00e2ce \u00e0 sa richesse en antioxydants, [&#8230;]\n","protected":false},"featured_media":7556,"comment_status":"open","ping_status":"closed","template":"","meta":{"jetpack_post_was_ever_published":false},"product_brand":[],"product_cat":[17],"product_tag":[],"class_list":{"0":"post-7558","1":"product","2":"type-product","3":"status-publish","4":"has-post-thumbnail","6":"product_cat-produits-peau","8":"first","9":"outofstock","10":"shipping-taxable","11":"purchasable","12":"product-type-simple"},"jetpack-related-posts":[{"id":1953,"url":"https:\/\/www.royaume2cheveux.fr\/?product=serum-lissant-contour-des-yeux","url_meta":{"origin":7558,"position":0},"title":"S\u00e9rum lissant contour des yeux \u2013 Figue de Barbarie, Calophylle &amp; Jasmin","author":"Camelia.1606","date":"04\/12\/2023","format":false,"excerpt":"S\u00e9rum lissant contour des yeux \u2013 Figue de Barbarie, Calophylle & Jasmin \u00c9clat, douceur & regard repos\u00e9 Ce s\u00e9rum a \u00e9t\u00e9 soigneusement formul\u00e9 \u00e0 partir d\u2019huiles v\u00e9g\u00e9tales pr\u00e9cieuses, notamment la Figue de Barbarie et la Calophylle, reconnues pour leurs propri\u00e9t\u00e9s apaisantes et revitalisantes. Sa texture l\u00e9g\u00e8re p\u00e9n\u00e8tre rapidement pour hydrater\u2026","rel":"","context":"Article similaire","block_context":{"text":"Article similaire","link":""},"img":{"alt_text":"","src":"https:\/\/i0.wp.com\/www.royaume2cheveux.fr\/wp-content\/uploads\/2023\/12\/c513539d-eaee-4b9f-87cb-c2053a43f96c.png?fit=1024%2C1024&ssl=1&resize=350%2C200","width":350,"height":200,"srcset":"https:\/\/i0.wp.com\/www.royaume2cheveux.fr\/wp-content\/uploads\/2023\/12\/c513539d-eaee-4b9f-87cb-c2053a43f96c.png?fit=1024%2C1024&ssl=1&resize=350%2C200 1x, https:\/\/i0.wp.com\/www.royaume2cheveux.fr\/wp-content\/uploads\/2023\/12\/c513539d-eaee-4b9f-87cb-c2053a43f96c.png?fit=1024%2C1024&ssl=1&resize=525%2C300 1.5x, https:\/\/i0.wp.com\/www.royaume2cheveux.fr\/wp-content\/uploads\/2023\/12\/c513539d-eaee-4b9f-87cb-c2053a43f96c.png?fit=1024%2C1024&ssl=1&resize=700%2C400 2x"},"classes":[]},{"id":6840,"url":"https:\/\/www.royaume2cheveux.fr\/?product=huile-amincissante-visage-corps-a-base-de-pamplemousse","url_meta":{"origin":7558,"position":1},"title":"Huile Amincissante Visage &amp; Corps \u2013 \u00c0 base de Pamplemousse","author":"Camelia.1606","date":"15\/07\/2025","format":false,"excerpt":"Huile Amincissante Visage & Corps \u2013 \u00c0 base de Pamplemousse Affine la silhouette, lisse et tonifie la peau naturellement D\u00e9couvrez notre Huile Amincissante 100% naturelle, sp\u00e9cialement formul\u00e9e pour affiner la silhouette, lisser la peau et am\u00e9liorer son \u00e9lasticit\u00e9. Gr\u00e2ce \u00e0 sa synergie d\u2019huiles v\u00e9g\u00e9tales et essentielles pr\u00e9cieuses, elle est id\u00e9ale\u2026","rel":"","context":"Article similaire","block_context":{"text":"Article similaire","link":""},"img":{"alt_text":"","src":"https:\/\/i0.wp.com\/www.royaume2cheveux.fr\/wp-content\/uploads\/2025\/07\/6d58dbe6-814d-417d-b155-e2d3c3db42f3.png?fit=1024%2C1024&ssl=1&resize=350%2C200","width":350,"height":200,"srcset":"https:\/\/i0.wp.com\/www.royaume2cheveux.fr\/wp-content\/uploads\/2025\/07\/6d58dbe6-814d-417d-b155-e2d3c3db42f3.png?fit=1024%2C1024&ssl=1&resize=350%2C200 1x, https:\/\/i0.wp.com\/www.royaume2cheveux.fr\/wp-content\/uploads\/2025\/07\/6d58dbe6-814d-417d-b155-e2d3c3db42f3.png?fit=1024%2C1024&ssl=1&resize=525%2C300 1.5x, https:\/\/i0.wp.com\/www.royaume2cheveux.fr\/wp-content\/uploads\/2025\/07\/6d58dbe6-814d-417d-b155-e2d3c3db42f3.png?fit=1024%2C1024&ssl=1&resize=700%2C400 2x"},"classes":[]},{"id":122,"url":"https:\/\/www.royaume2cheveux.fr\/?product=huile-anti-vergeture","url_meta":{"origin":7558,"position":2},"title":"Huile de massage nourrissante \u2013 Calendula, Amande douce &amp; Argan","author":"Camelia.1606","date":"31\/08\/2023","format":false,"excerpt":"Huile de massage nourrissante \u2013 Calendula, Amande douce & Argan Souplesse, confort & soin de la peau Formul\u00e9e \u00e0 base d\u2019huiles v\u00e9g\u00e9tales reconnues pour leurs bienfaits, cette huile de massage associe le Calendula apaisant, l\u2019Amande douce adoucissante et l\u2019huile d\u2019Argan nourrissante. Sa richesse en acides gras essentiels contribue \u00e0 am\u00e9liorer\u2026","rel":"","context":"Article similaire","block_context":{"text":"Article similaire","link":""},"img":{"alt_text":"","src":"https:\/\/i0.wp.com\/www.royaume2cheveux.fr\/wp-content\/uploads\/2023\/08\/bb459d98-0db2-455b-b793-c20eea024509.png?fit=1024%2C1024&ssl=1&resize=350%2C200","width":350,"height":200,"srcset":"https:\/\/i0.wp.com\/www.royaume2cheveux.fr\/wp-content\/uploads\/2023\/08\/bb459d98-0db2-455b-b793-c20eea024509.png?fit=1024%2C1024&ssl=1&resize=350%2C200 1x, https:\/\/i0.wp.com\/www.royaume2cheveux.fr\/wp-content\/uploads\/2023\/08\/bb459d98-0db2-455b-b793-c20eea024509.png?fit=1024%2C1024&ssl=1&resize=525%2C300 1.5x, https:\/\/i0.wp.com\/www.royaume2cheveux.fr\/wp-content\/uploads\/2023\/08\/bb459d98-0db2-455b-b793-c20eea024509.png?fit=1024%2C1024&ssl=1&resize=700%2C400 2x"},"classes":[]},{"id":111,"url":"https:\/\/www.royaume2cheveux.fr\/?product=soin-repousse","url_meta":{"origin":7558,"position":3},"title":"Soin cheveux activateur de pousse \u2013 Nigelle, Thym &amp; Romarin","author":"Camelia.1606","date":"31\/08\/2023","format":false,"excerpt":"I","rel":"","context":"Article similaire","block_context":{"text":"Article similaire","link":""},"img":{"alt_text":"","src":"https:\/\/i0.wp.com\/www.royaume2cheveux.fr\/wp-content\/uploads\/2023\/08\/07fa8afc-e86c-4070-a9d3-fc05525b89f6.png?fit=1024%2C1024&ssl=1&resize=350%2C200","width":350,"height":200,"srcset":"https:\/\/i0.wp.com\/www.royaume2cheveux.fr\/wp-content\/uploads\/2023\/08\/07fa8afc-e86c-4070-a9d3-fc05525b89f6.png?fit=1024%2C1024&ssl=1&resize=350%2C200 1x, https:\/\/i0.wp.com\/www.royaume2cheveux.fr\/wp-content\/uploads\/2023\/08\/07fa8afc-e86c-4070-a9d3-fc05525b89f6.png?fit=1024%2C1024&ssl=1&resize=525%2C300 1.5x, https:\/\/i0.wp.com\/www.royaume2cheveux.fr\/wp-content\/uploads\/2023\/08\/07fa8afc-e86c-4070-a9d3-fc05525b89f6.png?fit=1024%2C1024&ssl=1&resize=700%2C400 2x"},"classes":[]},{"id":3693,"url":"https:\/\/www.royaume2cheveux.fr\/?product=serum-cheveux","url_meta":{"origin":7558,"position":4},"title":"S\u00e9rum capillaire naturel \u2013 Effet \u00ab silicone-like \u00bb","author":"Camelia.1606","date":"28\/05\/2024","format":false,"excerpt":"S\u00e9rum capillaire naturel \u2013 Effet \u00ab silicone-like \u00bb Brillance, protection & r\u00e9paration \u2013 Sans silicone Notre s\u00e9rum a \u00e9t\u00e9 formul\u00e9 comme une alternative naturelle aux silicones classiques, pour sublimer les cheveux secs, ternes ou ab\u00eem\u00e9s sans les alourdir. Sa texture soyeuse enveloppe la fibre capillaire pour lui redonner \u00e9clat, douceur\u2026","rel":"","context":"Article similaire","block_context":{"text":"Article similaire","link":""},"img":{"alt_text":"","src":"https:\/\/i0.wp.com\/www.royaume2cheveux.fr\/wp-content\/uploads\/2024\/05\/a22d8ada-8ba2-478b-84c4-938312f97e75.png?fit=800%2C1200&ssl=1&resize=350%2C200","width":350,"height":200,"srcset":"https:\/\/i0.wp.com\/www.royaume2cheveux.fr\/wp-content\/uploads\/2024\/05\/a22d8ada-8ba2-478b-84c4-938312f97e75.png?fit=800%2C1200&ssl=1&resize=350%2C200 1x, https:\/\/i0.wp.com\/www.royaume2cheveux.fr\/wp-content\/uploads\/2024\/05\/a22d8ada-8ba2-478b-84c4-938312f97e75.png?fit=800%2C1200&ssl=1&resize=525%2C300 1.5x, https:\/\/i0.wp.com\/www.royaume2cheveux.fr\/wp-content\/uploads\/2024\/05\/a22d8ada-8ba2-478b-84c4-938312f97e75.png?fit=800%2C1200&ssl=1&resize=700%2C400 2x"},"classes":[]},{"id":4408,"url":"https:\/\/www.royaume2cheveux.fr\/?product=masque-cheveux-neroli","url_meta":{"origin":7558,"position":5},"title":"Masque capillaire nourrissant \u2013 N\u00e9roli, Avocat, Karit\u00e9, Amande douce &amp; Jasmin","author":"Camelia.1606","date":"11\/07\/2024","format":false,"excerpt":"Masque capillaire nourrissant \u2013 N\u00e9roli, Avocat, Karit\u00e9, Amande douce & Jasmin Soin riche \u2013 Nutrition, douceur et protection Formul\u00e9 \u00e0 base d\u2019ingr\u00e9dients soigneusement s\u00e9lectionn\u00e9s tels que le N\u00e9roli, l\u2019huile d\u2019Avocat, le Beurre de Karit\u00e9, l\u2019huile d\u2019Amande douce et l\u2019extrait de Jasmin, ce masque capillaire aide \u00e0 nourrir intens\u00e9ment la fibre\u2026","rel":"","context":"Article similaire","block_context":{"text":"Article similaire","link":""},"img":{"alt_text":"","src":"https:\/\/i0.wp.com\/www.royaume2cheveux.fr\/wp-content\/uploads\/2024\/07\/758d4fc5-bcd3-4000-92a1-0cb633288a8b.png?fit=1200%2C800&ssl=1&resize=350%2C200","width":350,"height":200,"srcset":"https:\/\/i0.wp.com\/www.royaume2cheveux.fr\/wp-content\/uploads\/2024\/07\/758d4fc5-bcd3-4000-92a1-0cb633288a8b.png?fit=1200%2C800&ssl=1&resize=350%2C200 1x, https:\/\/i0.wp.com\/www.royaume2cheveux.fr\/wp-content\/uploads\/2024\/07\/758d4fc5-bcd3-4000-92a1-0cb633288a8b.png?fit=1200%2C800&ssl=1&resize=525%2C300 1.5x, https:\/\/i0.wp.com\/www.royaume2cheveux.fr\/wp-content\/uploads\/2024\/07\/758d4fc5-bcd3-4000-92a1-0cb633288a8b.png?fit=1200%2C800&ssl=1&resize=700%2C400 2x, https:\/\/i0.wp.com\/www.royaume2cheveux.fr\/wp-content\/uploads\/2024\/07\/758d4fc5-bcd3-4000-92a1-0cb633288a8b.png?fit=1200%2C800&ssl=1&resize=1050%2C600 3x"},"classes":[]}],"jetpack_sharing_enabled":true,"_links":{"self":[{"href":"https:\/\/www.royaume2cheveux.fr\/index.php?rest_route=\/wp\/v2\/product\/7558","targetHints":{"allow":["GET"]}}],"collection":[{"href":"https:\/\/www.royaume2cheveux.fr\/index.php?rest_route=\/wp\/v2\/product"}],"about":[{"href":"https:\/\/www.royaume2cheveux.fr\/index.php?rest_route=\/wp\/v2\/types\/product"}],"replies":[{"embeddable":true,"href":"https:\/\/www.royaume2cheveux.fr\/index.php?rest_route=%2Fwp%2Fv2%2Fcomments&post=7558"}],"version-history":[{"count":2,"href":"https:\/\/www.royaume2cheveux.fr\/index.php?rest_route=\/wp\/v2\/product\/7558\/revisions"}],"predecessor-version":[{"id":7689,"href":"https:\/\/www.royaume2cheveux.fr\/index.php?rest_route=\/wp\/v2\/product\/7558\/revisions\/7689"}],"wp:featuredmedia":[{"embeddable":true,"href":"https:\/\/www.royaume2cheveux.fr\/index.php?rest_route=\/wp\/v2\/media\/7556"}],"wp:attachment":[{"href":"https:\/\/www.royaume2cheveux.fr\/index.php?rest_route=%2Fwp%2Fv2%2Fmedia&parent=7558"}],"wp:term":[{"taxonomy":"product_brand","embeddable":true,"href":"https:\/\/www.royaume2cheveux.fr\/index.php?rest_route=%2Fwp%2Fv2%2Fproduct_brand&post=7558"},{"taxonomy":"product_cat","embeddable":true,"href":"https:\/\/www.royaume2cheveux.fr\/index.php?rest_route=%2Fwp%2Fv2%2Fproduct_cat&post=7558"},{"taxonomy":"product_tag","embeddable":true,"href":"https:\/\/www.royaume2cheveux.fr\/index.php?rest_route=%2Fwp%2Fv2%2Fproduct_tag&post=7558"}],"curies":[{"name":"wp","href":"https:\/\/api.w.org\/{rel}","templated":true}]}}